{"id":20536,"date":"2025-03-25T14:08:51","date_gmt":"2025-03-25T13:08:51","guid":{"rendered":"https:\/\/protectandcare.be\/carrieres\/"},"modified":"2025-03-25T14:08:52","modified_gmt":"2025-03-25T13:08:52","slug":"carrieres","status":"publish","type":"page","link":"https:\/\/protectandcare.be\/fr\/carrieres\/","title":{"rendered":"Carri\u00e8res"},"content":{"rendered":"\t\t<div data-elementor-type=\"wp-page\" data-elementor-id=\"20536\" class=\"elementor elementor-20536 elementor-13688\" data-elementor-post-type=\"page\">\n\t\t\t\t\t\t<section class=\"elementor-section elementor-top-section elementor-element elementor-element-f3df3a3 elementor-section-full_width elementor-section-gap-beside-yes elementor-section-height-default elementor-section-height-default elementor-section-content-align-center elementor-section-column-vertical-align-stretch\" data-id=\"f3df3a3\" data-element_type=\"section\" data-e-type=\"section\">\n\t\t\t\t\t\t<div class=\"elementor-container elementor-column-gap-extended\">\n\t\t\t\t\t<div class=\"elementor-column elementor-col-100 elementor-top-column elementor-element elementor-element-c936111\" data-id=\"c936111\" data-element_type=\"column\" data-e-type=\"column\">\n\t\t\t<div class=\"elementor-widget-wrap elementor-element-populated\">\n\t\t\t\t\t\t<div class=\"elementor-element elementor-element-ac7034b elementor-invisible elementor-widget elementor-widget-tm-heading\" data-id=\"ac7034b\" data-element_type=\"widget\" data-e-type=\"widget\" data-settings=\"{&quot;_animation&quot;:&quot;tmFadeInUp&quot;}\" data-widget_type=\"tm-heading.default\">\n\t\t\t\t<div class=\"elementor-widget-container\">\n\t\t\t\t\t\t\t<div class=\"tm-modern-heading style-01\">\n\t\t\t\n\t\t\t\t\t<div class=\"heading-primary-wrap\">\n\t\t\t<h1 class=\"heading-primary elementor-heading-title\">Carri\u00e8res<\/h1>\t\t<\/div>\n\t\t\n\t\t\t\n\t\t\t\t\t<\/div>\n\t\t\t\t\t\t<\/div>\n\t\t\t\t<\/div>\n\t\t\t\t<div class=\"elementor-element elementor-element-2f7abc2 elementor-widget-divider--view-line elementor-widget elementor-widget-divider\" data-id=\"2f7abc2\" data-element_type=\"widget\" data-e-type=\"widget\" data-widget_type=\"divider.default\">\n\t\t\t\t<div class=\"elementor-widget-container\">\n\t\t\t\t\t\t\t<div class=\"elementor-divider\">\n\t\t\t<span class=\"elementor-divider-separator\">\n\t\t\t\t\t\t<\/span>\n\t\t<\/div>\n\t\t\t\t\t\t<\/div>\n\t\t\t\t<\/div>\n\t\t\t\t\t<\/div>\n\t\t<\/div>\n\t\t\t\t\t<\/div>\n\t\t<\/section>\n\t\t\t\t<section class=\"elementor-section elementor-top-section elementor-element elementor-element-4582536 elementor-section-full_width elementor-section-gap-beside-yes elementor-section-height-default elementor-section-height-default elementor-section-content-align-center elementor-section-column-vertical-align-stretch\" data-id=\"4582536\" data-element_type=\"section\" data-e-type=\"section\">\n\t\t\t\t\t\t<div class=\"elementor-container elementor-column-gap-extended\">\n\t\t\t\t\t<div class=\"elementor-column elementor-col-50 elementor-top-column elementor-element elementor-element-149840e\" data-id=\"149840e\" data-element_type=\"column\" data-e-type=\"column\">\n\t\t\t<div class=\"elementor-widget-wrap elementor-element-populated\">\n\t\t\t\t\t\t<div class=\"elementor-element elementor-element-dbaff78 elementor-invisible elementor-widget elementor-widget-tm-heading\" data-id=\"dbaff78\" data-element_type=\"widget\" data-e-type=\"widget\" data-settings=\"{&quot;_animation&quot;:&quot;tmFadeInUp&quot;}\" data-widget_type=\"tm-heading.default\">\n\t\t\t\t<div class=\"elementor-widget-container\">\n\t\t\t\t\t\t\t<div class=\"tm-modern-heading style-01\">\n\t\t\t\n\t\t\t\n\t\t\t\n\t\t\t\t\t<div class=\"heading-description-wrap\">\n\t\t\t<div class=\"heading-description\">\n\t\t\t\t<p style=\"text-align: justify\">Notre groupe d'entreprises a plus de 30 ans d'exp\u00e9rience en tant que distributeur international. <strong>Protect and Care <\/strong>BV est une jeune entreprise affilli\u00e9e en pleine croissance qui fournit des protections et des dispositifs m\u00e9dicaux aux entreprises, aux organisations et au secteur m\u00e9dical et agro-alimentaire. Entre-temps, nous avons d\u00e9j\u00e0 plus de 1.200 clients et nous participons \u00e0 des appels d'offres publics. <\/p>\n<p style=\"text-align: justify\">Nous constatons qu'il existe encore un potentiel important sur le march\u00e9. C'est pourquoi nous recherchons des coll\u00e8gues comp\u00e9tents pour poursuivre l'expansion des produits et approvisionner de nouveaux clients. <\/p>\n<p style=\"text-align: justify\">Vous \u00eates \u00e0 la recherche d'un emploi passionnant et instructif ? Vous avez envie d'utiliser vos talents dans un environnement dynamique, entour\u00e9 de jeunes gens pleins d'\u00e9nergie ? Vous souhaitez donner le meilleur de vous-m\u00eame dans un poste dans le domaine de la vente, de l'avant-vente et de l'apr\u00e8s-vente, de l'administration, du marketing ou de l'entrep\u00f4t ? Alors n'h\u00e9sitez pas \u00e0 consulter les postes vacants que nous avons \u00e0 vous proposer ci-dessous.   <\/p>\t\t\t<\/div>\n\t\t<\/div>\n\t\t\t<\/div>\n\t\t\t\t\t\t<\/div>\n\t\t\t\t<\/div>\n\t\t\t\t\t<\/div>\n\t\t<\/div>\n\t\t\t\t<div class=\"elementor-column elementor-col-50 elementor-top-column elementor-element elementor-element-e2ff466\" data-id=\"e2ff466\" data-element_type=\"column\" data-e-type=\"column\">\n\t\t\t<div class=\"elementor-widget-wrap elementor-element-populated\">\n\t\t\t\t\t\t<div class=\"elementor-element elementor-element-0edf692 elementor-widget elementor-widget-image\" data-id=\"0edf692\" data-element_type=\"widget\" data-e-type=\"widget\" data-widget_type=\"image.default\">\n\t\t\t\t<div class=\"elementor-widget-container\">\n\t\t\t\t\t\t\t\t\t\t\t\t\t\t\t<img fetchpriority=\"high\" decoding=\"async\" width=\"804\" height=\"918\" src=\"https:\/\/protectandcare.be\/wp-content\/uploads\/Untitled-1.png\" class=\"attachment-full size-full wp-image-13871\" alt=\"\" srcset=\"https:\/\/protectandcare.be\/wp-content\/uploads\/Untitled-1.png 804w, https:\/\/protectandcare.be\/wp-content\/uploads\/Untitled-1-550x628.png 550w, https:\/\/protectandcare.be\/wp-content\/uploads\/Untitled-1-263x300.png 263w, https:\/\/protectandcare.be\/wp-content\/uploads\/Untitled-1-768x877.png 768w\" sizes=\"(max-width: 804px) 100vw, 804px\" \/>\t\t\t\t\t\t\t\t\t\t\t\t\t\t\t<\/div>\n\t\t\t\t<\/div>\n\t\t\t\t<div class=\"elementor-element elementor-element-4d83f2b elementor-widget elementor-widget-spacer\" data-id=\"4d83f2b\" data-element_type=\"widget\" data-e-type=\"widget\" data-widget_type=\"spacer.default\">\n\t\t\t\t<div class=\"elementor-widget-container\">\n\t\t\t\t\t\t\t<div class=\"elementor-spacer\">\n\t\t\t<div class=\"elementor-spacer-inner\"><\/div>\n\t\t<\/div>\n\t\t\t\t\t\t<\/div>\n\t\t\t\t<\/div>\n\t\t\t\t\t<\/div>\n\t\t<\/div>\n\t\t\t\t\t<\/div>\n\t\t<\/section>\n\t\t\t\t<section class=\"elementor-section elementor-top-section elementor-element elementor-element-a5ac5d6 elementor-section-content-middle elementor-section-full_width elementor-section-gap-beside-yes elementor-section-height-default elementor-section-height-default elementor-section-column-vertical-align-stretch\" data-id=\"a5ac5d6\" data-element_type=\"section\" data-e-type=\"section\">\n\t\t\t\t\t\t<div class=\"elementor-container elementor-column-gap-default\">\n\t\t\t\t\t<div class=\"elementor-column elementor-col-33 elementor-top-column elementor-element elementor-element-9ad383a\" data-id=\"9ad383a\" data-element_type=\"column\" data-e-type=\"column\">\n\t\t\t<div class=\"elementor-widget-wrap elementor-element-populated\">\n\t\t\t\t\t\t<div class=\"elementor-element elementor-element-4263487 elementor-widget elementor-widget-image\" data-id=\"4263487\" data-element_type=\"widget\" data-e-type=\"widget\" data-widget_type=\"image.default\">\n\t\t\t\t<div class=\"elementor-widget-container\">\n\t\t\t\t\t\t\t\t\t\t\t\t\t\t\t\t<a href=\"https:\/\/protectandcare.be\/careers\/product-quality-manager\/\">\n\t\t\t\t\t\t\t<img decoding=\"async\" width=\"2312\" height=\"1623\" src=\"https:\/\/protectandcare.be\/wp-content\/uploads\/Asset-4@50.png\" class=\"attachment-full size-full wp-image-14224\" alt=\"\" srcset=\"https:\/\/protectandcare.be\/wp-content\/uploads\/Asset-4@50.png 2312w, https:\/\/protectandcare.be\/wp-content\/uploads\/Asset-4@50-550x386.png 550w, https:\/\/protectandcare.be\/wp-content\/uploads\/Asset-4@50-300x211.png 300w, https:\/\/protectandcare.be\/wp-content\/uploads\/Asset-4@50-1024x719.png 1024w, https:\/\/protectandcare.be\/wp-content\/uploads\/Asset-4@50-768x539.png 768w, https:\/\/protectandcare.be\/wp-content\/uploads\/Asset-4@50-1536x1078.png 1536w, https:\/\/protectandcare.be\/wp-content\/uploads\/Asset-4@50-2048x1438.png 2048w\" sizes=\"(max-width: 2312px) 100vw, 2312px\" \/>\t\t\t\t\t\t\t\t<\/a>\n\t\t\t\t\t\t\t\t\t\t\t\t\t\t\t<\/div>\n\t\t\t\t<\/div>\n\t\t\t\t\t<\/div>\n\t\t<\/div>\n\t\t\t\t<div class=\"elementor-column elementor-col-33 elementor-top-column elementor-element elementor-element-5f5291f\" data-id=\"5f5291f\" data-element_type=\"column\" data-e-type=\"column\">\n\t\t\t<div class=\"elementor-widget-wrap elementor-element-populated\">\n\t\t\t\t\t\t<div class=\"elementor-element elementor-element-0624aac elementor-widget elementor-widget-image\" data-id=\"0624aac\" data-element_type=\"widget\" data-e-type=\"widget\" data-widget_type=\"image.default\">\n\t\t\t\t<div class=\"elementor-widget-container\">\n\t\t\t\t\t\t\t\t\t\t\t\t\t\t\t\t<a href=\"https:\/\/protectandcare.be\/careers\/business-developer-belgium\/\">\n\t\t\t\t\t\t\t<img decoding=\"async\" width=\"1109\" height=\"774\" src=\"https:\/\/protectandcare.be\/wp-content\/uploads\/business-developer-belgium.png\" class=\"attachment-full size-full wp-image-13713\" alt=\"\" srcset=\"https:\/\/protectandcare.be\/wp-content\/uploads\/business-developer-belgium.png 1109w, https:\/\/protectandcare.be\/wp-content\/uploads\/business-developer-belgium-550x384.png 550w, https:\/\/protectandcare.be\/wp-content\/uploads\/business-developer-belgium-300x209.png 300w, https:\/\/protectandcare.be\/wp-content\/uploads\/business-developer-belgium-1024x715.png 1024w, https:\/\/protectandcare.be\/wp-content\/uploads\/business-developer-belgium-768x536.png 768w\" sizes=\"(max-width: 1109px) 100vw, 1109px\" \/>\t\t\t\t\t\t\t\t<\/a>\n\t\t\t\t\t\t\t\t\t\t\t\t\t\t\t<\/div>\n\t\t\t\t<\/div>\n\t\t\t\t\t<\/div>\n\t\t<\/div>\n\t\t\t\t<div class=\"elementor-column elementor-col-33 elementor-top-column elementor-element elementor-element-91cdd66\" data-id=\"91cdd66\" data-element_type=\"column\" data-e-type=\"column\">\n\t\t\t<div class=\"elementor-widget-wrap elementor-element-populated\">\n\t\t\t\t\t\t<div class=\"elementor-element elementor-element-8e08fd6 elementor-widget elementor-widget-image\" data-id=\"8e08fd6\" data-element_type=\"widget\" data-e-type=\"widget\" data-widget_type=\"image.default\">\n\t\t\t\t<div class=\"elementor-widget-container\">\n\t\t\t\t\t\t\t\t\t\t\t\t\t\t\t\t<a href=\"https:\/\/protectandcare.be\/careers\/multifunctionele-administratieve-medewerker-customer-care\/\">\n\t\t\t\t\t\t\t<img loading=\"lazy\" decoding=\"async\" width=\"2313\" height=\"1626\" src=\"https:\/\/protectandcare.be\/wp-content\/uploads\/Asset-5@50.png\" class=\"attachment-full size-full wp-image-14228\" alt=\"\" srcset=\"https:\/\/protectandcare.be\/wp-content\/uploads\/Asset-5@50.png 2313w, https:\/\/protectandcare.be\/wp-content\/uploads\/Asset-5@50-550x387.png 550w, https:\/\/protectandcare.be\/wp-content\/uploads\/Asset-5@50-300x211.png 300w, https:\/\/protectandcare.be\/wp-content\/uploads\/Asset-5@50-1024x720.png 1024w, https:\/\/protectandcare.be\/wp-content\/uploads\/Asset-5@50-768x540.png 768w, https:\/\/protectandcare.be\/wp-content\/uploads\/Asset-5@50-1536x1080.png 1536w, https:\/\/protectandcare.be\/wp-content\/uploads\/Asset-5@50-2048x1440.png 2048w\" sizes=\"(max-width: 2313px) 100vw, 2313px\" \/>\t\t\t\t\t\t\t\t<\/a>\n\t\t\t\t\t\t\t\t\t\t\t\t\t\t\t<\/div>\n\t\t\t\t<\/div>\n\t\t\t\t\t<\/div>\n\t\t<\/div>\n\t\t\t\t\t<\/div>\n\t\t<\/section>\n\t\t\t\t<section class=\"elementor-section elementor-top-section elementor-element elementor-element-50d2da4 elementor-section-content-middle elementor-section-full_width elementor-section-gap-beside-yes elementor-section-height-default elementor-section-height-default elementor-section-column-vertical-align-stretch\" data-id=\"50d2da4\" data-element_type=\"section\" data-e-type=\"section\">\n\t\t\t\t\t\t<div class=\"elementor-container elementor-column-gap-default\">\n\t\t\t\t\t<div class=\"elementor-column elementor-col-33 elementor-top-column elementor-element elementor-element-8c657a6\" data-id=\"8c657a6\" data-element_type=\"column\" data-e-type=\"column\">\n\t\t\t<div class=\"elementor-widget-wrap elementor-element-populated\">\n\t\t\t\t\t\t<div class=\"elementor-element elementor-element-bf0fad8 elementor-widget elementor-widget-image\" data-id=\"bf0fad8\" data-element_type=\"widget\" data-e-type=\"widget\" data-widget_type=\"image.default\">\n\t\t\t\t<div class=\"elementor-widget-container\">\n\t\t\t\t\t\t\t\t\t\t\t\t\t\t\t\t<a href=\"https:\/\/protectandcare.be\/careers\/internationaltender-executive-nl-fr-en\/\">\n\t\t\t\t\t\t\t<img loading=\"lazy\" decoding=\"async\" width=\"1109\" height=\"778\" src=\"https:\/\/protectandcare.be\/wp-content\/uploads\/Asset-3.png\" class=\"attachment-full size-full wp-image-13833\" alt=\"\" srcset=\"https:\/\/protectandcare.be\/wp-content\/uploads\/Asset-3.png 1109w, https:\/\/protectandcare.be\/wp-content\/uploads\/Asset-3-550x386.png 550w, https:\/\/protectandcare.be\/wp-content\/uploads\/Asset-3-300x210.png 300w, https:\/\/protectandcare.be\/wp-content\/uploads\/Asset-3-1024x718.png 1024w, https:\/\/protectandcare.be\/wp-content\/uploads\/Asset-3-768x539.png 768w\" sizes=\"(max-width: 1109px) 100vw, 1109px\" \/>\t\t\t\t\t\t\t\t<\/a>\n\t\t\t\t\t\t\t\t\t\t\t\t\t\t\t<\/div>\n\t\t\t\t<\/div>\n\t\t\t\t\t<\/div>\n\t\t<\/div>\n\t\t\t\t<div class=\"elementor-column elementor-col-33 elementor-top-column elementor-element elementor-element-e1a8d51\" data-id=\"e1a8d51\" data-element_type=\"column\" data-e-type=\"column\">\n\t\t\t<div class=\"elementor-widget-wrap elementor-element-populated\">\n\t\t\t\t\t\t<div class=\"elementor-element elementor-element-07c4deb elementor-widget elementor-widget-image\" data-id=\"07c4deb\" data-element_type=\"widget\" data-e-type=\"widget\" data-widget_type=\"image.default\">\n\t\t\t\t<div class=\"elementor-widget-container\">\n\t\t\t\t\t\t\t\t\t\t\t\t\t\t\t\t<a href=\"https:\/\/protectandcare.be\/careers\/jobstudent-international-pre-sales\/\">\n\t\t\t\t\t\t\t<img loading=\"lazy\" decoding=\"async\" width=\"1110\" height=\"780\" src=\"https:\/\/protectandcare.be\/wp-content\/uploads\/jobstudent.png\" class=\"attachment-full size-full wp-image-13710\" alt=\"\" srcset=\"https:\/\/protectandcare.be\/wp-content\/uploads\/jobstudent.png 1110w, https:\/\/protectandcare.be\/wp-content\/uploads\/jobstudent-550x386.png 550w, https:\/\/protectandcare.be\/wp-content\/uploads\/jobstudent-300x211.png 300w, https:\/\/protectandcare.be\/wp-content\/uploads\/jobstudent-1024x720.png 1024w, https:\/\/protectandcare.be\/wp-content\/uploads\/jobstudent-768x540.png 768w\" sizes=\"(max-width: 1110px) 100vw, 1110px\" \/>\t\t\t\t\t\t\t\t<\/a>\n\t\t\t\t\t\t\t\t\t\t\t\t\t\t\t<\/div>\n\t\t\t\t<\/div>\n\t\t\t\t\t<\/div>\n\t\t<\/div>\n\t\t\t\t<div class=\"elementor-column elementor-col-33 elementor-top-column elementor-element elementor-element-7fc4893\" data-id=\"7fc4893\" data-element_type=\"column\" data-e-type=\"column\">\n\t\t\t<div class=\"elementor-widget-wrap\">\n\t\t\t\t\t\t\t<\/div>\n\t\t<\/div>\n\t\t\t\t\t<\/div>\n\t\t<\/section>\n\t\t\t\t<\/div>\n\t\t","protected":false},"excerpt":{"rendered":"<p>Carri\u00e8res Notre groupe d&rsquo;entreprises a plus de 30 ans d&rsquo;exp\u00e9rience en tant que distributeur international. Protect and Care BV est une jeune entreprise affilli\u00e9e en pleine croissance qui fournit des protections et des dispositifs m\u00e9dicaux aux entreprises, aux organisations et au secteur m\u00e9dical et agro-alimentaire. Entre-temps, nous avons d\u00e9j\u00e0 plus de 1.200 clients et nous participons \u00e0 des appels d&rsquo;offres publics. Nous constatons qu&rsquo;il existe encore un potentiel important sur le march\u00e9. C&rsquo;est pourquoi nous recherchons des coll\u00e8gues comp\u00e9tents pour poursuivre l&rsquo;expansion des produits et approvisionner de nouveaux clients. Vous \u00eates \u00e0 la recherche d&rsquo;un emploi passionnant et instructif ? Vous avez envie d&rsquo;utiliser vos talents dans un environnement dynamique, entour\u00e9 de jeunes gens pleins d&rsquo;\u00e9nergie ? Vous souhaitez donner le meilleur de vous-m\u00eame dans un poste dans le domaine de la vente, de l&rsquo;avant-vente et de l&rsquo;apr\u00e8s-vente, de l&rsquo;administration, du marketing ou de l&rsquo;entrep\u00f4t ? Alors n&rsquo;h\u00e9sitez pas \u00e0 consulter les postes vacants que nous avons \u00e0 vous proposer ci-dessous.<\/p>\n","protected":false},"author":1,"featured_media":0,"parent":0,"menu_order":905,"comment_status":"closed","ping_status":"closed","template":"","meta":{"footnotes":""},"class_list":["post-20536","page","type-page","status-publish","hentry","post-no-thumbnail"],"yoast_head":"<!-- This site is optimized with the Yoast SEO Premium plugin v19.3 (Yoast SEO v27.5) - https:\/\/yoast.com\/product\/yoast-seo-premium-wordpress\/ -->\n<title>Carri\u00e8res &#8226; Protect and Care<\/title>\n<meta name=\"robots\" content=\"index, follow, max-snippet:-1, max-image-preview:large, max-video-preview:-1\" \/>\n<link rel=\"canonical\" href=\"https:\/\/protectandcare.be\/fr\/carrieres\/\" \/>\n<meta property=\"og:locale\" content=\"fr_FR\" \/>\n<meta property=\"og:type\" content=\"article\" \/>\n<meta property=\"og:title\" content=\"Carri\u00e8res\" \/>\n<meta property=\"og:description\" content=\"Carri\u00e8res Notre groupe d&#039;entreprises a plus de 30 ans d&#039;exp\u00e9rience en tant que distributeur international. Protect and Care BV est une jeune entreprise\" \/>\n<meta property=\"og:url\" content=\"https:\/\/protectandcare.be\/fr\/carrieres\/\" \/>\n<meta property=\"og:site_name\" content=\"Protect and Care\" \/>\n<meta property=\"article:modified_time\" content=\"2025-03-25T13:08:52+00:00\" \/>\n<meta property=\"og:image\" content=\"https:\/\/protectandcare.be\/wp-content\/uploads\/Untitled-1.png\" \/>\n<meta name=\"twitter:card\" content=\"summary_large_image\" \/>\n<meta name=\"twitter:label1\" content=\"Dur\u00e9e de lecture est.\" \/>\n\t<meta name=\"twitter:data1\" content=\"1 minute\" \/>\n<script type=\"application\/ld+json\" class=\"yoast-schema-graph\">{\"@context\":\"https:\\\/\\\/schema.org\",\"@graph\":[{\"@type\":\"WebPage\",\"@id\":\"https:\\\/\\\/protectandcare.be\\\/fr\\\/carrieres\\\/\",\"url\":\"https:\\\/\\\/protectandcare.be\\\/fr\\\/carrieres\\\/\",\"name\":\"Carri\u00e8res &#8226; Protect and Care\",\"isPartOf\":{\"@id\":\"https:\\\/\\\/protectandcare.be\\\/fr\\\/#website\"},\"primaryImageOfPage\":{\"@id\":\"https:\\\/\\\/protectandcare.be\\\/fr\\\/carrieres\\\/#primaryimage\"},\"image\":{\"@id\":\"https:\\\/\\\/protectandcare.be\\\/fr\\\/carrieres\\\/#primaryimage\"},\"thumbnailUrl\":\"https:\\\/\\\/protectandcare.be\\\/wp-content\\\/uploads\\\/Untitled-1.png\",\"datePublished\":\"2025-03-25T13:08:51+00:00\",\"dateModified\":\"2025-03-25T13:08:52+00:00\",\"breadcrumb\":{\"@id\":\"https:\\\/\\\/protectandcare.be\\\/fr\\\/carrieres\\\/#breadcrumb\"},\"inLanguage\":\"fr-BE\",\"potentialAction\":[{\"@type\":\"ReadAction\",\"target\":[\"https:\\\/\\\/protectandcare.be\\\/fr\\\/carrieres\\\/\"]}]},{\"@type\":\"ImageObject\",\"inLanguage\":\"fr-BE\",\"@id\":\"https:\\\/\\\/protectandcare.be\\\/fr\\\/carrieres\\\/#primaryimage\",\"url\":\"https:\\\/\\\/protectandcare.be\\\/wp-content\\\/uploads\\\/Untitled-1.png\",\"contentUrl\":\"https:\\\/\\\/protectandcare.be\\\/wp-content\\\/uploads\\\/Untitled-1.png\"},{\"@type\":\"BreadcrumbList\",\"@id\":\"https:\\\/\\\/protectandcare.be\\\/fr\\\/carrieres\\\/#breadcrumb\",\"itemListElement\":[{\"@type\":\"ListItem\",\"position\":1,\"name\":\"Home\",\"item\":\"https:\\\/\\\/protectandcare.be\\\/fr\\\/accueil\\\/\"},{\"@type\":\"ListItem\",\"position\":2,\"name\":\"Carri\u00e8res\"}]},{\"@type\":\"WebSite\",\"@id\":\"https:\\\/\\\/protectandcare.be\\\/fr\\\/#website\",\"url\":\"https:\\\/\\\/protectandcare.be\\\/fr\\\/\",\"name\":\"Protect and Care\",\"description\":\"Bescherm en verzorg uw naasten en uzelf: mondmaskers, beschermende handschoenen, isolatieschorten...\",\"publisher\":{\"@id\":\"https:\\\/\\\/protectandcare.be\\\/fr\\\/#organization\"},\"potentialAction\":[{\"@type\":\"SearchAction\",\"target\":{\"@type\":\"EntryPoint\",\"urlTemplate\":\"https:\\\/\\\/protectandcare.be\\\/fr\\\/?s={search_term_string}\"},\"query-input\":{\"@type\":\"PropertyValueSpecification\",\"valueRequired\":true,\"valueName\":\"search_term_string\"}}],\"inLanguage\":\"fr-BE\"},{\"@type\":\"Organization\",\"@id\":\"https:\\\/\\\/protectandcare.be\\\/fr\\\/#organization\",\"name\":\"Protect and Care\",\"url\":\"https:\\\/\\\/protectandcare.be\\\/fr\\\/\",\"logo\":{\"@type\":\"ImageObject\",\"inLanguage\":\"fr-BE\",\"@id\":\"https:\\\/\\\/protectandcare.be\\\/fr\\\/#\\\/schema\\\/logo\\\/image\\\/\",\"url\":\"https:\\\/\\\/protectandcare.be\\\/wp-content\\\/uploads\\\/logoo-footer.png\",\"contentUrl\":\"https:\\\/\\\/protectandcare.be\\\/wp-content\\\/uploads\\\/logoo-footer.png\",\"width\":946,\"height\":1011,\"caption\":\"Protect and Care\"},\"image\":{\"@id\":\"https:\\\/\\\/protectandcare.be\\\/fr\\\/#\\\/schema\\\/logo\\\/image\\\/\"}}]}<\/script>\n<!-- \/ Yoast SEO Premium plugin. -->","yoast_head_json":{"title":"Carri\u00e8res &#8226; Protect and Care","robots":{"index":"index","follow":"follow","max-snippet":"max-snippet:-1","max-image-preview":"max-image-preview:large","max-video-preview":"max-video-preview:-1"},"canonical":"https:\/\/protectandcare.be\/fr\/carrieres\/","og_locale":"fr_FR","og_type":"article","og_title":"Carri\u00e8res","og_description":"Carri\u00e8res Notre groupe d'entreprises a plus de 30 ans d'exp\u00e9rience en tant que distributeur international. Protect and Care BV est une jeune entreprise","og_url":"https:\/\/protectandcare.be\/fr\/carrieres\/","og_site_name":"Protect and Care","article_modified_time":"2025-03-25T13:08:52+00:00","og_image":[{"url":"https:\/\/protectandcare.be\/wp-content\/uploads\/Untitled-1.png","type":"","width":"","height":""}],"twitter_card":"summary_large_image","twitter_misc":{"Dur\u00e9e de lecture est.":"1 minute"},"schema":{"@context":"https:\/\/schema.org","@graph":[{"@type":"WebPage","@id":"https:\/\/protectandcare.be\/fr\/carrieres\/","url":"https:\/\/protectandcare.be\/fr\/carrieres\/","name":"Carri\u00e8res &#8226; Protect and Care","isPartOf":{"@id":"https:\/\/protectandcare.be\/fr\/#website"},"primaryImageOfPage":{"@id":"https:\/\/protectandcare.be\/fr\/carrieres\/#primaryimage"},"image":{"@id":"https:\/\/protectandcare.be\/fr\/carrieres\/#primaryimage"},"thumbnailUrl":"https:\/\/protectandcare.be\/wp-content\/uploads\/Untitled-1.png","datePublished":"2025-03-25T13:08:51+00:00","dateModified":"2025-03-25T13:08:52+00:00","breadcrumb":{"@id":"https:\/\/protectandcare.be\/fr\/carrieres\/#breadcrumb"},"inLanguage":"fr-BE","potentialAction":[{"@type":"ReadAction","target":["https:\/\/protectandcare.be\/fr\/carrieres\/"]}]},{"@type":"ImageObject","inLanguage":"fr-BE","@id":"https:\/\/protectandcare.be\/fr\/carrieres\/#primaryimage","url":"https:\/\/protectandcare.be\/wp-content\/uploads\/Untitled-1.png","contentUrl":"https:\/\/protectandcare.be\/wp-content\/uploads\/Untitled-1.png"},{"@type":"BreadcrumbList","@id":"https:\/\/protectandcare.be\/fr\/carrieres\/#breadcrumb","itemListElement":[{"@type":"ListItem","position":1,"name":"Home","item":"https:\/\/protectandcare.be\/fr\/accueil\/"},{"@type":"ListItem","position":2,"name":"Carri\u00e8res"}]},{"@type":"WebSite","@id":"https:\/\/protectandcare.be\/fr\/#website","url":"https:\/\/protectandcare.be\/fr\/","name":"Protect and Care","description":"Bescherm en verzorg uw naasten en uzelf: mondmaskers, beschermende handschoenen, isolatieschorten...","publisher":{"@id":"https:\/\/protectandcare.be\/fr\/#organization"},"potentialAction":[{"@type":"SearchAction","target":{"@type":"EntryPoint","urlTemplate":"https:\/\/protectandcare.be\/fr\/?s={search_term_string}"},"query-input":{"@type":"PropertyValueSpecification","valueRequired":true,"valueName":"search_term_string"}}],"inLanguage":"fr-BE"},{"@type":"Organization","@id":"https:\/\/protectandcare.be\/fr\/#organization","name":"Protect and Care","url":"https:\/\/protectandcare.be\/fr\/","logo":{"@type":"ImageObject","inLanguage":"fr-BE","@id":"https:\/\/protectandcare.be\/fr\/#\/schema\/logo\/image\/","url":"https:\/\/protectandcare.be\/wp-content\/uploads\/logoo-footer.png","contentUrl":"https:\/\/protectandcare.be\/wp-content\/uploads\/logoo-footer.png","width":946,"height":1011,"caption":"Protect and Care"},"image":{"@id":"https:\/\/protectandcare.be\/fr\/#\/schema\/logo\/image\/"}}]}},"_links":{"self":[{"href":"https:\/\/protectandcare.be\/fr\/wp-json\/wp\/v2\/pages\/20536","targetHints":{"allow":["GET"]}}],"collection":[{"href":"https:\/\/protectandcare.be\/fr\/wp-json\/wp\/v2\/pages"}],"about":[{"href":"https:\/\/protectandcare.be\/fr\/wp-json\/wp\/v2\/types\/page"}],"author":[{"embeddable":true,"href":"https:\/\/protectandcare.be\/fr\/wp-json\/wp\/v2\/users\/1"}],"replies":[{"embeddable":true,"href":"https:\/\/protectandcare.be\/fr\/wp-json\/wp\/v2\/comments?post=20536"}],"version-history":[{"count":1,"href":"https:\/\/protectandcare.be\/fr\/wp-json\/wp\/v2\/pages\/20536\/revisions"}],"predecessor-version":[{"id":20537,"href":"https:\/\/protectandcare.be\/fr\/wp-json\/wp\/v2\/pages\/20536\/revisions\/20537"}],"wp:attachment":[{"href":"https:\/\/protectandcare.be\/fr\/wp-json\/wp\/v2\/media?parent=20536"}],"curies":[{"name":"wp","href":"https:\/\/api.w.org\/{rel}","templated":true}]}}