{"id":20736,"date":"2025-03-13T12:27:01","date_gmt":"2025-03-13T11:27:01","guid":{"rendered":"https:\/\/protectandcare.be\/product\/clip-cap-ultra-detectable-23-inchrouge-pp-15g-double-elastiqueart-no-a00505\/"},"modified":"2025-04-16T15:11:40","modified_gmt":"2025-04-16T13:11:40","slug":"clip-cap-ultra-detectable-23-inchrouge-pp-15g-double-elastiqueart-no-a00505","status":"publish","type":"product","link":"https:\/\/protectandcare.be\/fr\/product\/clip-cap-ultra-detectable-23-inchrouge-pp-15g-double-elastiqueart-no-a00505\/","title":{"rendered":"Clip cap ultra-d\u00e9tectable 23 inch<br>rouge PP 15g double \u00e9lastique<br>Art no\u00b0 A00505"},"content":{"rendered":"<p><strong>Polybag : 100 pi\u00e8ces<\/strong><br \/>\n<strong>Carton: 1000 pi\u00e8ces<\/strong><\/p>\n<h3>Sp\u00e9cifications:<\/h3>\n<ul>\n<li>A usage unique<\/li>\n<li>Prot\u00e8ge contre le transfert des micro-organismes<\/li>\n<li>MAT\u00c9RIAU : Doux et flexible<br \/>\n&#8211; Non tiss\u00e9 100 % PP 15 g + bande m\u00e9tallique.<br \/>\n&#8211; Sans fibre de verre<br \/>\n&#8211; Sans latex<br \/>\n&#8211; Respirant et r\u00e9sistant \u00e0 l&rsquo;humidit\u00e9<br \/>\n&#8211; Non pelucheux et antistatique<\/li>\n<li>\u00c9quip\u00e9 d&rsquo;une bande d&rsquo;aluminium ultra-d\u00e9tectable<br \/>\nLa bande ultra-d\u00e9tectable a \u00e9t\u00e9 test\u00e9e pour fournir un signal Fe accru<br \/>\n[+\/- 7,0 mm], garantissant une d\u00e9tection optimale de<br \/>\ndans l&rsquo;industrie alimentaire.<\/li>\n<li>Avec DOUBLE \u00e9lastique pour une bonne \u00e9tanch\u00e9it\u00e9 et<br \/>\nun confort de port optimal.<\/li>\n<li>Pliss\u00e9<\/li>\n<li>Taille unique : 58 cm &#8211; 23 inch<\/li>\n<li>Diff\u00e9rentes couleurs : *Autres couleurs disponibles sur demande\n<ul>\n<li>A00505 : rouge*<\/li>\n<li>A00506 : blanc*<\/li>\n<li>A00522 : bleu*<\/li>\n<\/ul>\n<\/li>\n<li>\u00c9quip\u00e9 d&rsquo;un code-barres<\/li>\n<li>Informations en anglais<\/li>\n<\/ul>\n<h3>Certifications:<\/h3>\n<p><img fetchpriority=\"high\" decoding=\"async\" class=\"size-full wp-image-20313 alignnone\" src=\"https:\/\/protectandcare.be\/wp-content\/uploads\/A00505-A00506-A00522.png\" alt=\"\" width=\"759\" height=\"102\" srcset=\"https:\/\/protectandcare.be\/wp-content\/uploads\/A00505-A00506-A00522.png 759w, https:\/\/protectandcare.be\/wp-content\/uploads\/A00505-A00506-A00522-300x40.png 300w, https:\/\/protectandcare.be\/wp-content\/uploads\/A00505-A00506-A00522-550x74.png 550w\" sizes=\"(max-width: 759px) 100vw, 759px\" \/><\/p>\n<p>Pour obtenir des informations plus techniques, telles que des certificats, veuillez contacter Protect and Care au num\u00e9ro g\u00e9n\u00e9ral :<br \/>\n09 321 32 32 ou par e-mail <a href=\"mailto:sales@protectandcare.be\">sales@protectandcare.be<\/a>.<\/p>\n","protected":false},"excerpt":{"rendered":"<p><strong>Polybag : 100 pi\u00e8ces<\/strong><br \/>\n<strong>Carton: 1000 pi\u00e8ces<\/strong><\/p>\n","protected":false},"featured_media":20324,"template":"","meta":[],"product_brand":[],"product_cat":[349,901],"product_tag":[418,420,1011,741],"class_list":{"0":"post-20736","1":"product","2":"type-product","3":"status-publish","4":"has-post-thumbnail","6":"product_cat-4-charlottes","7":"product_cat-protection-de-la-tete","8":"product_tag-capuche","9":"product_tag-capuche-fr","10":"product_tag-charlotte","11":"product_tag-epi","13":"first","14":"instock","15":"taxable","16":"shipping-taxable","17":"product-type-variable"},"yoast_head":"<!-- This site is optimized with the Yoast SEO Premium plugin v19.3 (Yoast SEO v27.5) - https:\/\/yoast.com\/product\/yoast-seo-premium-wordpress\/ -->\n<title>Clip cap ultra-d\u00e9tectable 23 inchrouge PP 15g double \u00e9lastiqueArt no\u00b0 A00505 &#8226; Protect and Care<\/title>\n<meta name=\"robots\" content=\"index, follow, max-snippet:-1, max-image-preview:large, max-video-preview:-1\" \/>\n<link rel=\"canonical\" href=\"https:\/\/protectandcare.be\/fr\/product\/clip-cap-ultra-detectable-23-inchrouge-pp-15g-double-elastiqueart-no-a00505\/\" \/>\n<meta property=\"og:locale\" content=\"fr_FR\" \/>\n<meta property=\"og:type\" content=\"article\" \/>\n<meta property=\"og:title\" content=\"Clip cap ultra-d\u00e9tectable 23 inchrouge PP 15g double \u00e9lastiqueArt no\u00b0 A00505\" \/>\n<meta property=\"og:description\" content=\"Polybag : 100 pi\u00e8ces Carton: 1000 pi\u00e8ces\" \/>\n<meta property=\"og:url\" content=\"https:\/\/protectandcare.be\/fr\/product\/clip-cap-ultra-detectable-23-inchrouge-pp-15g-double-elastiqueart-no-a00505\/\" \/>\n<meta property=\"og:site_name\" content=\"Protect and Care\" \/>\n<meta property=\"article:modified_time\" content=\"2025-04-16T13:11:40+00:00\" \/>\n<meta property=\"og:image\" content=\"https:\/\/protectandcare.be\/wp-content\/uploads\/A00505-506-522-pic-1.png\" \/>\n\t<meta property=\"og:image:width\" content=\"320\" \/>\n\t<meta property=\"og:image:height\" content=\"358\" \/>\n\t<meta property=\"og:image:type\" content=\"image\/png\" \/>\n<meta name=\"twitter:card\" content=\"summary_large_image\" \/>\n<meta name=\"twitter:label1\" content=\"Dur\u00e9e de lecture est.\" \/>\n\t<meta name=\"twitter:data1\" content=\"1 minute\" \/>\n<script type=\"application\/ld+json\" class=\"yoast-schema-graph\">{\"@context\":\"https:\\\/\\\/schema.org\",\"@graph\":[{\"@type\":\"WebPage\",\"@id\":\"https:\\\/\\\/protectandcare.be\\\/fr\\\/product\\\/clip-cap-ultra-detectable-23-inchrouge-pp-15g-double-elastiqueart-no-a00505\\\/\",\"url\":\"https:\\\/\\\/protectandcare.be\\\/fr\\\/product\\\/clip-cap-ultra-detectable-23-inchrouge-pp-15g-double-elastiqueart-no-a00505\\\/\",\"name\":\"Clip cap ultra-d\u00e9tectable 23 inch rouge PP 15g double \u00e9lastique Art no\u00b0 A00505 &#8226; Protect and Care\",\"isPartOf\":{\"@id\":\"https:\\\/\\\/protectandcare.be\\\/fr\\\/#website\"},\"primaryImageOfPage\":{\"@id\":\"https:\\\/\\\/protectandcare.be\\\/fr\\\/product\\\/clip-cap-ultra-detectable-23-inchrouge-pp-15g-double-elastiqueart-no-a00505\\\/#primaryimage\"},\"image\":{\"@id\":\"https:\\\/\\\/protectandcare.be\\\/fr\\\/product\\\/clip-cap-ultra-detectable-23-inchrouge-pp-15g-double-elastiqueart-no-a00505\\\/#primaryimage\"},\"thumbnailUrl\":\"https:\\\/\\\/protectandcare.be\\\/wp-content\\\/uploads\\\/A00505-506-522-pic-1.png\",\"datePublished\":\"2025-03-13T11:27:01+00:00\",\"dateModified\":\"2025-04-16T13:11:40+00:00\",\"breadcrumb\":{\"@id\":\"https:\\\/\\\/protectandcare.be\\\/fr\\\/product\\\/clip-cap-ultra-detectable-23-inchrouge-pp-15g-double-elastiqueart-no-a00505\\\/#breadcrumb\"},\"inLanguage\":\"fr-BE\",\"potentialAction\":[{\"@type\":\"ReadAction\",\"target\":[\"https:\\\/\\\/protectandcare.be\\\/fr\\\/product\\\/clip-cap-ultra-detectable-23-inchrouge-pp-15g-double-elastiqueart-no-a00505\\\/\"]}]},{\"@type\":\"ImageObject\",\"inLanguage\":\"fr-BE\",\"@id\":\"https:\\\/\\\/protectandcare.be\\\/fr\\\/product\\\/clip-cap-ultra-detectable-23-inchrouge-pp-15g-double-elastiqueart-no-a00505\\\/#primaryimage\",\"url\":\"https:\\\/\\\/protectandcare.be\\\/wp-content\\\/uploads\\\/A00505-506-522-pic-1.png\",\"contentUrl\":\"https:\\\/\\\/protectandcare.be\\\/wp-content\\\/uploads\\\/A00505-506-522-pic-1.png\",\"width\":320,\"height\":358},{\"@type\":\"BreadcrumbList\",\"@id\":\"https:\\\/\\\/protectandcare.be\\\/fr\\\/product\\\/clip-cap-ultra-detectable-23-inchrouge-pp-15g-double-elastiqueart-no-a00505\\\/#breadcrumb\",\"itemListElement\":[{\"@type\":\"ListItem\",\"position\":1,\"name\":\"Home\",\"item\":\"https:\\\/\\\/protectandcare.be\\\/fr\\\/accueil\\\/\"},{\"@type\":\"ListItem\",\"position\":2,\"name\":\"Produits\",\"item\":\"https:\\\/\\\/protectandcare.be\\\/fr\\\/produits\\\/\"},{\"@type\":\"ListItem\",\"position\":3,\"name\":\"Clip cap ultra-d\u00e9tectable 23 inchrouge PP 15g double \u00e9lastiqueArt no\u00b0 A00505\"}]},{\"@type\":\"WebSite\",\"@id\":\"https:\\\/\\\/protectandcare.be\\\/fr\\\/#website\",\"url\":\"https:\\\/\\\/protectandcare.be\\\/fr\\\/\",\"name\":\"Protect and Care\",\"description\":\"Bescherm en verzorg uw naasten en uzelf: mondmaskers, beschermende handschoenen, isolatieschorten...\",\"publisher\":{\"@id\":\"https:\\\/\\\/protectandcare.be\\\/fr\\\/#organization\"},\"potentialAction\":[{\"@type\":\"SearchAction\",\"target\":{\"@type\":\"EntryPoint\",\"urlTemplate\":\"https:\\\/\\\/protectandcare.be\\\/fr\\\/?s={search_term_string}\"},\"query-input\":{\"@type\":\"PropertyValueSpecification\",\"valueRequired\":true,\"valueName\":\"search_term_string\"}}],\"inLanguage\":\"fr-BE\"},{\"@type\":\"Organization\",\"@id\":\"https:\\\/\\\/protectandcare.be\\\/fr\\\/#organization\",\"name\":\"Protect and Care\",\"url\":\"https:\\\/\\\/protectandcare.be\\\/fr\\\/\",\"logo\":{\"@type\":\"ImageObject\",\"inLanguage\":\"fr-BE\",\"@id\":\"https:\\\/\\\/protectandcare.be\\\/fr\\\/#\\\/schema\\\/logo\\\/image\\\/\",\"url\":\"https:\\\/\\\/protectandcare.be\\\/wp-content\\\/uploads\\\/logoo-footer.png\",\"contentUrl\":\"https:\\\/\\\/protectandcare.be\\\/wp-content\\\/uploads\\\/logoo-footer.png\",\"width\":946,\"height\":1011,\"caption\":\"Protect and Care\"},\"image\":{\"@id\":\"https:\\\/\\\/protectandcare.be\\\/fr\\\/#\\\/schema\\\/logo\\\/image\\\/\"}}]}<\/script>\n<!-- \/ Yoast SEO Premium plugin. -->","yoast_head_json":{"title":"Clip cap ultra-d\u00e9tectable 23 inchrouge PP 15g double \u00e9lastiqueArt no\u00b0 A00505 &#8226; Protect and Care","robots":{"index":"index","follow":"follow","max-snippet":"max-snippet:-1","max-image-preview":"max-image-preview:large","max-video-preview":"max-video-preview:-1"},"canonical":"https:\/\/protectandcare.be\/fr\/product\/clip-cap-ultra-detectable-23-inchrouge-pp-15g-double-elastiqueart-no-a00505\/","og_locale":"fr_FR","og_type":"article","og_title":"Clip cap ultra-d\u00e9tectable 23 inchrouge PP 15g double \u00e9lastiqueArt no\u00b0 A00505","og_description":"Polybag : 100 pi\u00e8ces Carton: 1000 pi\u00e8ces","og_url":"https:\/\/protectandcare.be\/fr\/product\/clip-cap-ultra-detectable-23-inchrouge-pp-15g-double-elastiqueart-no-a00505\/","og_site_name":"Protect and Care","article_modified_time":"2025-04-16T13:11:40+00:00","og_image":[{"width":320,"height":358,"url":"https:\/\/protectandcare.be\/wp-content\/uploads\/A00505-506-522-pic-1.png","type":"image\/png"}],"twitter_card":"summary_large_image","twitter_misc":{"Dur\u00e9e de lecture est.":"1 minute"},"schema":{"@context":"https:\/\/schema.org","@graph":[{"@type":"WebPage","@id":"https:\/\/protectandcare.be\/fr\/product\/clip-cap-ultra-detectable-23-inchrouge-pp-15g-double-elastiqueart-no-a00505\/","url":"https:\/\/protectandcare.be\/fr\/product\/clip-cap-ultra-detectable-23-inchrouge-pp-15g-double-elastiqueart-no-a00505\/","name":"Clip cap ultra-d\u00e9tectable 23 inch rouge PP 15g double \u00e9lastique Art no\u00b0 A00505 &#8226; Protect and Care","isPartOf":{"@id":"https:\/\/protectandcare.be\/fr\/#website"},"primaryImageOfPage":{"@id":"https:\/\/protectandcare.be\/fr\/product\/clip-cap-ultra-detectable-23-inchrouge-pp-15g-double-elastiqueart-no-a00505\/#primaryimage"},"image":{"@id":"https:\/\/protectandcare.be\/fr\/product\/clip-cap-ultra-detectable-23-inchrouge-pp-15g-double-elastiqueart-no-a00505\/#primaryimage"},"thumbnailUrl":"https:\/\/protectandcare.be\/wp-content\/uploads\/A00505-506-522-pic-1.png","datePublished":"2025-03-13T11:27:01+00:00","dateModified":"2025-04-16T13:11:40+00:00","breadcrumb":{"@id":"https:\/\/protectandcare.be\/fr\/product\/clip-cap-ultra-detectable-23-inchrouge-pp-15g-double-elastiqueart-no-a00505\/#breadcrumb"},"inLanguage":"fr-BE","potentialAction":[{"@type":"ReadAction","target":["https:\/\/protectandcare.be\/fr\/product\/clip-cap-ultra-detectable-23-inchrouge-pp-15g-double-elastiqueart-no-a00505\/"]}]},{"@type":"ImageObject","inLanguage":"fr-BE","@id":"https:\/\/protectandcare.be\/fr\/product\/clip-cap-ultra-detectable-23-inchrouge-pp-15g-double-elastiqueart-no-a00505\/#primaryimage","url":"https:\/\/protectandcare.be\/wp-content\/uploads\/A00505-506-522-pic-1.png","contentUrl":"https:\/\/protectandcare.be\/wp-content\/uploads\/A00505-506-522-pic-1.png","width":320,"height":358},{"@type":"BreadcrumbList","@id":"https:\/\/protectandcare.be\/fr\/product\/clip-cap-ultra-detectable-23-inchrouge-pp-15g-double-elastiqueart-no-a00505\/#breadcrumb","itemListElement":[{"@type":"ListItem","position":1,"name":"Home","item":"https:\/\/protectandcare.be\/fr\/accueil\/"},{"@type":"ListItem","position":2,"name":"Produits","item":"https:\/\/protectandcare.be\/fr\/produits\/"},{"@type":"ListItem","position":3,"name":"Clip cap ultra-d\u00e9tectable 23 inchrouge PP 15g double \u00e9lastiqueArt no\u00b0 A00505"}]},{"@type":"WebSite","@id":"https:\/\/protectandcare.be\/fr\/#website","url":"https:\/\/protectandcare.be\/fr\/","name":"Protect and Care","description":"Bescherm en verzorg uw naasten en uzelf: mondmaskers, beschermende handschoenen, isolatieschorten...","publisher":{"@id":"https:\/\/protectandcare.be\/fr\/#organization"},"potentialAction":[{"@type":"SearchAction","target":{"@type":"EntryPoint","urlTemplate":"https:\/\/protectandcare.be\/fr\/?s={search_term_string}"},"query-input":{"@type":"PropertyValueSpecification","valueRequired":true,"valueName":"search_term_string"}}],"inLanguage":"fr-BE"},{"@type":"Organization","@id":"https:\/\/protectandcare.be\/fr\/#organization","name":"Protect and Care","url":"https:\/\/protectandcare.be\/fr\/","logo":{"@type":"ImageObject","inLanguage":"fr-BE","@id":"https:\/\/protectandcare.be\/fr\/#\/schema\/logo\/image\/","url":"https:\/\/protectandcare.be\/wp-content\/uploads\/logoo-footer.png","contentUrl":"https:\/\/protectandcare.be\/wp-content\/uploads\/logoo-footer.png","width":946,"height":1011,"caption":"Protect and Care"},"image":{"@id":"https:\/\/protectandcare.be\/fr\/#\/schema\/logo\/image\/"}}]}},"_links":{"self":[{"href":"https:\/\/protectandcare.be\/fr\/wp-json\/wp\/v2\/product\/20736","targetHints":{"allow":["GET"]}}],"collection":[{"href":"https:\/\/protectandcare.be\/fr\/wp-json\/wp\/v2\/product"}],"about":[{"href":"https:\/\/protectandcare.be\/fr\/wp-json\/wp\/v2\/types\/product"}],"wp:featuredmedia":[{"embeddable":true,"href":"https:\/\/protectandcare.be\/fr\/wp-json\/wp\/v2\/media\/20324"}],"wp:attachment":[{"href":"https:\/\/protectandcare.be\/fr\/wp-json\/wp\/v2\/media?parent=20736"}],"wp:term":[{"taxonomy":"product_brand","embeddable":true,"href":"https:\/\/protectandcare.be\/fr\/wp-json\/wp\/v2\/product_brand?post=20736"},{"taxonomy":"product_cat","embeddable":true,"href":"https:\/\/protectandcare.be\/fr\/wp-json\/wp\/v2\/product_cat?post=20736"},{"taxonomy":"product_tag","embeddable":true,"href":"https:\/\/protectandcare.be\/fr\/wp-json\/wp\/v2\/product_tag?post=20736"}],"curies":[{"name":"wp","href":"https:\/\/api.w.org\/{rel}","templated":true}]}}