{"id":20751,"date":"2025-03-13T14:54:27","date_gmt":"2025-03-13T13:54:27","guid":{"rendered":"https:\/\/protectandcare.be\/product\/calot-de-boucher-reglable-papier-80g-bordeaux-art-no-a00602\/"},"modified":"2025-04-16T16:35:09","modified_gmt":"2025-04-16T14:35:09","slug":"calot-de-boucher-reglable-papier-80g-bordeaux-art-no-a00602","status":"publish","type":"product","link":"https:\/\/protectandcare.be\/fr\/product\/calot-de-boucher-reglable-papier-80g-bordeaux-art-no-a00602\/","title":{"rendered":"Calot de boucher r\u00e9glable <br>Papier 80g bordeaux <br>Art no\u00b0 A00602"},"content":{"rendered":"<p><strong>Bo\u00eete : 100 pi\u00e8ces<\/strong><br \/>\n<strong>Carton: 1000 pi\u00e8ces<\/strong><\/p>\n<h3>Sp\u00e9cifications:<\/h3>\n<ul>\n<li>A usage unique<\/li>\n<li>Protection hygi\u00e9nique de la t\u00eate<\/li>\n<li>Produit pour une utilisation dans le secteur de la restauration :<br \/>\nLe calot de boucher universel est parfait pour le cuisinier professionnel<br \/>\net id\u00e9al pour la cuisine, un restaurant ou un pub.<\/li>\n<li>Con\u00e7u pour le confort et l&rsquo;absorption<\/li>\n<li>Avec une \u00e9laboration de haute qualit\u00e9.<\/li>\n<li>Bandeau r\u00e9glable individuellement<\/li>\n<li>Mat\u00e9riau : papier de qualit\u00e9 gaufr\u00e9 tr\u00e8s absorbant 80g<br \/>\nperfor\u00e9, insert sup\u00e9rieur perm\u00e9able \u00e0 l&rsquo;air<\/li>\n<li>Taille universelle : 27.5*8.5cm (r\u00e9glable)<\/li>\n<li>Couleurs:\n<ul>\n<li>A00601 : blanc<\/li>\n<li>A00602 : bordeaux (rouge)<\/li>\n<li>A00603 : noir<\/li>\n<\/ul>\n<\/li>\n<\/ul>\n<p>Pour obtenir des informations plus techniques, telles que des certificats, veuillez contacter Protect and Care au num\u00e9ro g\u00e9n\u00e9ral :<br \/>\n09 321 32 32 ou par e-mail <a href=\"mailto:sales@protectandcare.be\">sales@protectandcare.be<\/a>.<\/p>\n","protected":false},"excerpt":{"rendered":"<p><strong>Bo\u00eete : 100 pi\u00e8ces<\/strong><br \/>\n<strong>Carton : 1000 pi\u00e8ces<\/strong><\/p>\n","protected":false},"featured_media":20366,"template":"","meta":[],"product_brand":[],"product_cat":[349,901],"product_tag":[1013,1015,741,1014],"class_list":{"0":"post-20751","1":"product","2":"type-product","3":"status-publish","4":"has-post-thumbnail","6":"product_cat-4-charlottes","7":"product_cat-protection-de-la-tete","8":"product_tag-calot-de-boucher","9":"product_tag-calot-de-boucher-en-papier","10":"product_tag-epi","11":"product_tag-papier-calot-de-boucher","13":"first","14":"instock","15":"taxable","16":"shipping-taxable","17":"product-type-variable"},"yoast_head":"<!-- This site is optimized with the Yoast SEO Premium plugin v19.3 (Yoast SEO v27.3) - https:\/\/yoast.com\/product\/yoast-seo-premium-wordpress\/ -->\n<title>Calot de boucher r\u00e9glable Papier 80g bordeaux Art no\u00b0 A00602 &#8226; Protect and Care<\/title>\n<meta name=\"robots\" content=\"index, follow, max-snippet:-1, max-image-preview:large, max-video-preview:-1\" \/>\n<link rel=\"canonical\" href=\"https:\/\/protectandcare.be\/fr\/product\/calot-de-boucher-reglable-papier-80g-bordeaux-art-no-a00602\/\" \/>\n<meta property=\"og:locale\" content=\"fr_FR\" \/>\n<meta property=\"og:type\" content=\"article\" \/>\n<meta property=\"og:title\" content=\"Calot de boucher r\u00e9glable Papier 80g bordeaux Art no\u00b0 A00602\" \/>\n<meta property=\"og:description\" content=\"Bo\u00eete : 100 pi\u00e8ces Carton : 1000 pi\u00e8ces\" \/>\n<meta property=\"og:url\" content=\"https:\/\/protectandcare.be\/fr\/product\/calot-de-boucher-reglable-papier-80g-bordeaux-art-no-a00602\/\" \/>\n<meta property=\"og:site_name\" content=\"Protect and Care\" \/>\n<meta property=\"article:modified_time\" content=\"2025-04-16T14:35:09+00:00\" \/>\n<meta property=\"og:image\" content=\"https:\/\/protectandcare.be\/wp-content\/uploads\/A00601-602-603-pic-1.png\" \/>\n\t<meta property=\"og:image:width\" content=\"311\" \/>\n\t<meta property=\"og:image:height\" content=\"258\" \/>\n\t<meta property=\"og:image:type\" content=\"image\/png\" \/>\n<meta name=\"twitter:card\" content=\"summary_large_image\" \/>\n<meta name=\"twitter:label1\" content=\"Dur\u00e9e de lecture est.\" \/>\n\t<meta name=\"twitter:data1\" content=\"1 minute\" \/>\n<script type=\"application\/ld+json\" class=\"yoast-schema-graph\">{\"@context\":\"https:\\\/\\\/schema.org\",\"@graph\":[{\"@type\":\"WebPage\",\"@id\":\"https:\\\/\\\/protectandcare.be\\\/fr\\\/product\\\/calot-de-boucher-reglable-papier-80g-bordeaux-art-no-a00602\\\/\",\"url\":\"https:\\\/\\\/protectandcare.be\\\/fr\\\/product\\\/calot-de-boucher-reglable-papier-80g-bordeaux-art-no-a00602\\\/\",\"name\":\"Calot de boucher r\u00e9glable Papier 80g bordeaux Art no\u00b0 A00602 &#8226; Protect and Care\",\"isPartOf\":{\"@id\":\"https:\\\/\\\/protectandcare.be\\\/fr\\\/#website\"},\"primaryImageOfPage\":{\"@id\":\"https:\\\/\\\/protectandcare.be\\\/fr\\\/product\\\/calot-de-boucher-reglable-papier-80g-bordeaux-art-no-a00602\\\/#primaryimage\"},\"image\":{\"@id\":\"https:\\\/\\\/protectandcare.be\\\/fr\\\/product\\\/calot-de-boucher-reglable-papier-80g-bordeaux-art-no-a00602\\\/#primaryimage\"},\"thumbnailUrl\":\"https:\\\/\\\/protectandcare.be\\\/wp-content\\\/uploads\\\/A00601-602-603-pic-1.png\",\"datePublished\":\"2025-03-13T13:54:27+00:00\",\"dateModified\":\"2025-04-16T14:35:09+00:00\",\"breadcrumb\":{\"@id\":\"https:\\\/\\\/protectandcare.be\\\/fr\\\/product\\\/calot-de-boucher-reglable-papier-80g-bordeaux-art-no-a00602\\\/#breadcrumb\"},\"inLanguage\":\"fr-BE\",\"potentialAction\":[{\"@type\":\"ReadAction\",\"target\":[\"https:\\\/\\\/protectandcare.be\\\/fr\\\/product\\\/calot-de-boucher-reglable-papier-80g-bordeaux-art-no-a00602\\\/\"]}]},{\"@type\":\"ImageObject\",\"inLanguage\":\"fr-BE\",\"@id\":\"https:\\\/\\\/protectandcare.be\\\/fr\\\/product\\\/calot-de-boucher-reglable-papier-80g-bordeaux-art-no-a00602\\\/#primaryimage\",\"url\":\"https:\\\/\\\/protectandcare.be\\\/wp-content\\\/uploads\\\/A00601-602-603-pic-1.png\",\"contentUrl\":\"https:\\\/\\\/protectandcare.be\\\/wp-content\\\/uploads\\\/A00601-602-603-pic-1.png\",\"width\":311,\"height\":258},{\"@type\":\"BreadcrumbList\",\"@id\":\"https:\\\/\\\/protectandcare.be\\\/fr\\\/product\\\/calot-de-boucher-reglable-papier-80g-bordeaux-art-no-a00602\\\/#breadcrumb\",\"itemListElement\":[{\"@type\":\"ListItem\",\"position\":1,\"name\":\"Home\",\"item\":\"https:\\\/\\\/protectandcare.be\\\/fr\\\/accueil\\\/\"},{\"@type\":\"ListItem\",\"position\":2,\"name\":\"Produits\",\"item\":\"https:\\\/\\\/protectandcare.be\\\/fr\\\/produits\\\/\"},{\"@type\":\"ListItem\",\"position\":3,\"name\":\"Calot de boucher r\u00e9glable Papier 80g bordeaux Art no\u00b0 A00602\"}]},{\"@type\":\"WebSite\",\"@id\":\"https:\\\/\\\/protectandcare.be\\\/fr\\\/#website\",\"url\":\"https:\\\/\\\/protectandcare.be\\\/fr\\\/\",\"name\":\"Protect and Care\",\"description\":\"Bescherm en verzorg uw naasten en uzelf: mondmaskers, beschermende handschoenen, isolatieschorten...\",\"publisher\":{\"@id\":\"https:\\\/\\\/protectandcare.be\\\/fr\\\/#organization\"},\"potentialAction\":[{\"@type\":\"SearchAction\",\"target\":{\"@type\":\"EntryPoint\",\"urlTemplate\":\"https:\\\/\\\/protectandcare.be\\\/fr\\\/?s={search_term_string}\"},\"query-input\":{\"@type\":\"PropertyValueSpecification\",\"valueRequired\":true,\"valueName\":\"search_term_string\"}}],\"inLanguage\":\"fr-BE\"},{\"@type\":\"Organization\",\"@id\":\"https:\\\/\\\/protectandcare.be\\\/fr\\\/#organization\",\"name\":\"Protect and Care\",\"url\":\"https:\\\/\\\/protectandcare.be\\\/fr\\\/\",\"logo\":{\"@type\":\"ImageObject\",\"inLanguage\":\"fr-BE\",\"@id\":\"https:\\\/\\\/protectandcare.be\\\/fr\\\/#\\\/schema\\\/logo\\\/image\\\/\",\"url\":\"https:\\\/\\\/protectandcare.be\\\/wp-content\\\/uploads\\\/logoo-footer.png\",\"contentUrl\":\"https:\\\/\\\/protectandcare.be\\\/wp-content\\\/uploads\\\/logoo-footer.png\",\"width\":946,\"height\":1011,\"caption\":\"Protect and Care\"},\"image\":{\"@id\":\"https:\\\/\\\/protectandcare.be\\\/fr\\\/#\\\/schema\\\/logo\\\/image\\\/\"}}]}<\/script>\n<!-- \/ Yoast SEO Premium plugin. -->","yoast_head_json":{"title":"Calot de boucher r\u00e9glable Papier 80g bordeaux Art no\u00b0 A00602 &#8226; Protect and Care","robots":{"index":"index","follow":"follow","max-snippet":"max-snippet:-1","max-image-preview":"max-image-preview:large","max-video-preview":"max-video-preview:-1"},"canonical":"https:\/\/protectandcare.be\/fr\/product\/calot-de-boucher-reglable-papier-80g-bordeaux-art-no-a00602\/","og_locale":"fr_FR","og_type":"article","og_title":"Calot de boucher r\u00e9glable Papier 80g bordeaux Art no\u00b0 A00602","og_description":"Bo\u00eete : 100 pi\u00e8ces Carton : 1000 pi\u00e8ces","og_url":"https:\/\/protectandcare.be\/fr\/product\/calot-de-boucher-reglable-papier-80g-bordeaux-art-no-a00602\/","og_site_name":"Protect and Care","article_modified_time":"2025-04-16T14:35:09+00:00","og_image":[{"width":311,"height":258,"url":"https:\/\/protectandcare.be\/wp-content\/uploads\/A00601-602-603-pic-1.png","type":"image\/png"}],"twitter_card":"summary_large_image","twitter_misc":{"Dur\u00e9e de lecture est.":"1 minute"},"schema":{"@context":"https:\/\/schema.org","@graph":[{"@type":"WebPage","@id":"https:\/\/protectandcare.be\/fr\/product\/calot-de-boucher-reglable-papier-80g-bordeaux-art-no-a00602\/","url":"https:\/\/protectandcare.be\/fr\/product\/calot-de-boucher-reglable-papier-80g-bordeaux-art-no-a00602\/","name":"Calot de boucher r\u00e9glable Papier 80g bordeaux Art no\u00b0 A00602 &#8226; Protect and Care","isPartOf":{"@id":"https:\/\/protectandcare.be\/fr\/#website"},"primaryImageOfPage":{"@id":"https:\/\/protectandcare.be\/fr\/product\/calot-de-boucher-reglable-papier-80g-bordeaux-art-no-a00602\/#primaryimage"},"image":{"@id":"https:\/\/protectandcare.be\/fr\/product\/calot-de-boucher-reglable-papier-80g-bordeaux-art-no-a00602\/#primaryimage"},"thumbnailUrl":"https:\/\/protectandcare.be\/wp-content\/uploads\/A00601-602-603-pic-1.png","datePublished":"2025-03-13T13:54:27+00:00","dateModified":"2025-04-16T14:35:09+00:00","breadcrumb":{"@id":"https:\/\/protectandcare.be\/fr\/product\/calot-de-boucher-reglable-papier-80g-bordeaux-art-no-a00602\/#breadcrumb"},"inLanguage":"fr-BE","potentialAction":[{"@type":"ReadAction","target":["https:\/\/protectandcare.be\/fr\/product\/calot-de-boucher-reglable-papier-80g-bordeaux-art-no-a00602\/"]}]},{"@type":"ImageObject","inLanguage":"fr-BE","@id":"https:\/\/protectandcare.be\/fr\/product\/calot-de-boucher-reglable-papier-80g-bordeaux-art-no-a00602\/#primaryimage","url":"https:\/\/protectandcare.be\/wp-content\/uploads\/A00601-602-603-pic-1.png","contentUrl":"https:\/\/protectandcare.be\/wp-content\/uploads\/A00601-602-603-pic-1.png","width":311,"height":258},{"@type":"BreadcrumbList","@id":"https:\/\/protectandcare.be\/fr\/product\/calot-de-boucher-reglable-papier-80g-bordeaux-art-no-a00602\/#breadcrumb","itemListElement":[{"@type":"ListItem","position":1,"name":"Home","item":"https:\/\/protectandcare.be\/fr\/accueil\/"},{"@type":"ListItem","position":2,"name":"Produits","item":"https:\/\/protectandcare.be\/fr\/produits\/"},{"@type":"ListItem","position":3,"name":"Calot de boucher r\u00e9glable Papier 80g bordeaux Art no\u00b0 A00602"}]},{"@type":"WebSite","@id":"https:\/\/protectandcare.be\/fr\/#website","url":"https:\/\/protectandcare.be\/fr\/","name":"Protect and Care","description":"Bescherm en verzorg uw naasten en uzelf: mondmaskers, beschermende handschoenen, isolatieschorten...","publisher":{"@id":"https:\/\/protectandcare.be\/fr\/#organization"},"potentialAction":[{"@type":"SearchAction","target":{"@type":"EntryPoint","urlTemplate":"https:\/\/protectandcare.be\/fr\/?s={search_term_string}"},"query-input":{"@type":"PropertyValueSpecification","valueRequired":true,"valueName":"search_term_string"}}],"inLanguage":"fr-BE"},{"@type":"Organization","@id":"https:\/\/protectandcare.be\/fr\/#organization","name":"Protect and Care","url":"https:\/\/protectandcare.be\/fr\/","logo":{"@type":"ImageObject","inLanguage":"fr-BE","@id":"https:\/\/protectandcare.be\/fr\/#\/schema\/logo\/image\/","url":"https:\/\/protectandcare.be\/wp-content\/uploads\/logoo-footer.png","contentUrl":"https:\/\/protectandcare.be\/wp-content\/uploads\/logoo-footer.png","width":946,"height":1011,"caption":"Protect and Care"},"image":{"@id":"https:\/\/protectandcare.be\/fr\/#\/schema\/logo\/image\/"}}]}},"_links":{"self":[{"href":"https:\/\/protectandcare.be\/fr\/wp-json\/wp\/v2\/product\/20751","targetHints":{"allow":["GET"]}}],"collection":[{"href":"https:\/\/protectandcare.be\/fr\/wp-json\/wp\/v2\/product"}],"about":[{"href":"https:\/\/protectandcare.be\/fr\/wp-json\/wp\/v2\/types\/product"}],"wp:featuredmedia":[{"embeddable":true,"href":"https:\/\/protectandcare.be\/fr\/wp-json\/wp\/v2\/media\/20366"}],"wp:attachment":[{"href":"https:\/\/protectandcare.be\/fr\/wp-json\/wp\/v2\/media?parent=20751"}],"wp:term":[{"taxonomy":"product_brand","embeddable":true,"href":"https:\/\/protectandcare.be\/fr\/wp-json\/wp\/v2\/product_brand?post=20751"},{"taxonomy":"product_cat","embeddable":true,"href":"https:\/\/protectandcare.be\/fr\/wp-json\/wp\/v2\/product_cat?post=20751"},{"taxonomy":"product_tag","embeddable":true,"href":"https:\/\/protectandcare.be\/fr\/wp-json\/wp\/v2\/product_tag?post=20751"}],"curies":[{"name":"wp","href":"https:\/\/api.w.org\/{rel}","templated":true}]}}