{"id":22803,"date":"2025-08-20T14:55:12","date_gmt":"2025-08-20T12:55:12","guid":{"rendered":"https:\/\/protectandcare.be\/product\/gant-anti-coupure-a-manchette-longueen-acier-inoxydableavec-sangles-ou-crochetsart-n-a00507\/"},"modified":"2025-10-16T11:07:07","modified_gmt":"2025-10-16T09:07:07","slug":"gant-anti-coupure-a-manchette-longueen-acier-inoxydableavec-sangles-ou-crochetsart-n-a00507","status":"publish","type":"product","link":"https:\/\/protectandcare.be\/fr\/product\/gant-anti-coupure-a-manchette-longueen-acier-inoxydableavec-sangles-ou-crochetsart-n-a00507\/","title":{"rendered":"Gant anti-coupure \u00e0 manchette LONGUE<br>en acier inoxydable<br>Avec sangles ou crochets<br>Art n\u00b0 A00507"},"content":{"rendered":"<p><strong>Emball\u00e9 individuelle<\/strong><br \/>\n<strong>Carton: 28 pi\u00e8ces<\/strong><\/p>\n<h3>Sp\u00e9cifications:<\/h3>\n<ul>\n<li>Applications<br \/>\nParfait pour les environnements de transformation de la viande et du poisson o\u00f9 la protection contre les couteaux tranchants est cruciale. Offre une d\u00e9fense efficace contre les coupures &amp; perforations.<\/li>\n<li>MAT\u00c9RIAU:<br \/>\nCotte de mailles en acier inoxydable<br \/>\nDensit\u00e9 tr\u00e8s serr\u00e9e des anneaux inox: maille 3,8mm<\/li>\n<li>MOD\u00c8LE:<br \/>\n&#8211; Le gant en cotte de mailles \u00e0 manchette longue offre une<br \/>\nexcellente protection de la main et de l&rsquo;avant-bras.<br \/>\n&#8211; Conception sym\u00e9trique:<br \/>\nLe gant est ambidextre et peut \u00eatre port\u00e9 aussi bien par les<br \/>\ngauchers que par les droitiers. Il est n\u00e9cessaire de retourner<br \/>\nles bracelets en plastique et le gant vers l&rsquo;ext\u00e9rieur.<br \/>\n&#8211; Longueur des manches 20 cm<br \/>\n&#8211; Avec sangles et boucle de r\u00e9glage pour un ajustement<br \/>personnalis\u00e9<br \/>* \u00e9galement disponible avec crochets<br \/>&#8211; Sangles de diff\u00e9rentes couleurs: Blanc, rouge, vert, cognac, bleu<\/li>\n<li>Diff\u00e9rentes tailles: XXS tot XL<\/li>\n<li>\u00c9quip\u00e9 d&rsquo;un code-barres<\/li>\n<li>Informations en anglais<\/li>\n<\/ul>\n<h3>Certifications:<\/h3>\n<p><img fetchpriority=\"high\" decoding=\"async\" class=\" wp-image-19529 alignnone\" src=\"https:\/\/protectandcare.be\/wp-content\/uploads\/A00507.png\" alt=\"\" width=\"791\" height=\"100\" srcset=\"https:\/\/protectandcare.be\/wp-content\/uploads\/A00507.png 728w, https:\/\/protectandcare.be\/wp-content\/uploads\/A00507-300x38.png 300w, https:\/\/protectandcare.be\/wp-content\/uploads\/A00507-550x70.png 550w\" sizes=\"(max-width: 791px) 100vw, 791px\" \/><\/p>\n<p>Si vous voudriez plus d&rsquo;informations techniques, par exemple certificats, veuillez contacter Protect and Care par t\u00e9l\u00e9phone: 0032 9 321 32 32 ou par e-mail <a href=\"mailto:sales@protectandcare.be\">sales@protectandcare.be<\/a>.<\/p>\n","protected":false},"excerpt":{"rendered":"<p><strong>Emball\u00e9 individuelle<\/strong><br \/>\n<strong>Carton: 28 pi\u00e8ces<\/strong><\/p>\n","protected":false},"featured_media":22642,"template":"","meta":[],"product_brand":[],"product_cat":[346],"product_tag":[1221,1222],"class_list":{"0":"post-22803","1":"product","2":"type-product","3":"status-publish","4":"has-post-thumbnail","6":"product_cat-2-gants-jetables","7":"product_tag-gant-anti-coupure","8":"product_tag-gant-en-rvs","10":"first","11":"instock","12":"taxable","13":"shipping-taxable","14":"product-type-variable"},"yoast_head":"<!-- This site is optimized with the Yoast SEO Premium plugin v19.3 (Yoast SEO v27.4) - https:\/\/yoast.com\/product\/yoast-seo-premium-wordpress\/ -->\n<title>Gant anti-coupure \u00e0 manchette LONGUEen acier inoxydableAvec sangles ou crochetsArt n\u00b0 A00507 &#8226; Protect and Care<\/title>\n<meta name=\"robots\" content=\"index, follow, max-snippet:-1, max-image-preview:large, max-video-preview:-1\" \/>\n<link rel=\"canonical\" href=\"https:\/\/protectandcare.be\/fr\/product\/gant-anti-coupure-a-manchette-longueen-acier-inoxydableavec-sangles-ou-crochetsart-n-a00507\/\" \/>\n<meta property=\"og:locale\" content=\"fr_FR\" \/>\n<meta property=\"og:type\" content=\"article\" \/>\n<meta property=\"og:title\" content=\"Gant anti-coupure \u00e0 manchette LONGUEen acier inoxydableAvec sangles ou crochetsArt n\u00b0 A00507\" \/>\n<meta property=\"og:description\" content=\"Emball\u00e9 individuelle Carton: 28 pi\u00e8ces\" \/>\n<meta property=\"og:url\" content=\"https:\/\/protectandcare.be\/fr\/product\/gant-anti-coupure-a-manchette-longueen-acier-inoxydableavec-sangles-ou-crochetsart-n-a00507\/\" \/>\n<meta property=\"og:site_name\" content=\"Protect and Care\" \/>\n<meta property=\"article:modified_time\" content=\"2025-10-16T09:07:07+00:00\" \/>\n<meta property=\"og:image\" content=\"https:\/\/protectandcare.be\/wp-content\/uploads\/A00507-pic-1.png\" \/>\n\t<meta property=\"og:image:width\" content=\"328\" \/>\n\t<meta property=\"og:image:height\" content=\"431\" \/>\n\t<meta property=\"og:image:type\" content=\"image\/png\" \/>\n<meta name=\"twitter:card\" content=\"summary_large_image\" \/>\n<meta name=\"twitter:label1\" content=\"Dur\u00e9e de lecture est.\" \/>\n\t<meta name=\"twitter:data1\" content=\"1 minute\" \/>\n<script type=\"application\/ld+json\" class=\"yoast-schema-graph\">{\"@context\":\"https:\\\/\\\/schema.org\",\"@graph\":[{\"@type\":\"WebPage\",\"@id\":\"https:\\\/\\\/protectandcare.be\\\/fr\\\/product\\\/gant-anti-coupure-a-manchette-longueen-acier-inoxydableavec-sangles-ou-crochetsart-n-a00507\\\/\",\"url\":\"https:\\\/\\\/protectandcare.be\\\/fr\\\/product\\\/gant-anti-coupure-a-manchette-longueen-acier-inoxydableavec-sangles-ou-crochetsart-n-a00507\\\/\",\"name\":\"Gant anti-coupure \u00e0 manchette LONGUE en acier inoxydable Avec sangles ou crochets Art n\u00b0 A00507 &#8226; Protect and Care\",\"isPartOf\":{\"@id\":\"https:\\\/\\\/protectandcare.be\\\/fr\\\/#website\"},\"primaryImageOfPage\":{\"@id\":\"https:\\\/\\\/protectandcare.be\\\/fr\\\/product\\\/gant-anti-coupure-a-manchette-longueen-acier-inoxydableavec-sangles-ou-crochetsart-n-a00507\\\/#primaryimage\"},\"image\":{\"@id\":\"https:\\\/\\\/protectandcare.be\\\/fr\\\/product\\\/gant-anti-coupure-a-manchette-longueen-acier-inoxydableavec-sangles-ou-crochetsart-n-a00507\\\/#primaryimage\"},\"thumbnailUrl\":\"https:\\\/\\\/protectandcare.be\\\/wp-content\\\/uploads\\\/A00507-pic-1.png\",\"datePublished\":\"2025-08-20T12:55:12+00:00\",\"dateModified\":\"2025-10-16T09:07:07+00:00\",\"breadcrumb\":{\"@id\":\"https:\\\/\\\/protectandcare.be\\\/fr\\\/product\\\/gant-anti-coupure-a-manchette-longueen-acier-inoxydableavec-sangles-ou-crochetsart-n-a00507\\\/#breadcrumb\"},\"inLanguage\":\"fr-BE\",\"potentialAction\":[{\"@type\":\"ReadAction\",\"target\":[\"https:\\\/\\\/protectandcare.be\\\/fr\\\/product\\\/gant-anti-coupure-a-manchette-longueen-acier-inoxydableavec-sangles-ou-crochetsart-n-a00507\\\/\"]}]},{\"@type\":\"ImageObject\",\"inLanguage\":\"fr-BE\",\"@id\":\"https:\\\/\\\/protectandcare.be\\\/fr\\\/product\\\/gant-anti-coupure-a-manchette-longueen-acier-inoxydableavec-sangles-ou-crochetsart-n-a00507\\\/#primaryimage\",\"url\":\"https:\\\/\\\/protectandcare.be\\\/wp-content\\\/uploads\\\/A00507-pic-1.png\",\"contentUrl\":\"https:\\\/\\\/protectandcare.be\\\/wp-content\\\/uploads\\\/A00507-pic-1.png\",\"width\":328,\"height\":431},{\"@type\":\"BreadcrumbList\",\"@id\":\"https:\\\/\\\/protectandcare.be\\\/fr\\\/product\\\/gant-anti-coupure-a-manchette-longueen-acier-inoxydableavec-sangles-ou-crochetsart-n-a00507\\\/#breadcrumb\",\"itemListElement\":[{\"@type\":\"ListItem\",\"position\":1,\"name\":\"Home\",\"item\":\"https:\\\/\\\/protectandcare.be\\\/fr\\\/accueil\\\/\"},{\"@type\":\"ListItem\",\"position\":2,\"name\":\"Produits\",\"item\":\"https:\\\/\\\/protectandcare.be\\\/fr\\\/produits\\\/\"},{\"@type\":\"ListItem\",\"position\":3,\"name\":\"Gant anti-coupure \u00e0 manchette LONGUEen acier inoxydableAvec sangles ou crochetsArt n\u00b0 A00507\"}]},{\"@type\":\"WebSite\",\"@id\":\"https:\\\/\\\/protectandcare.be\\\/fr\\\/#website\",\"url\":\"https:\\\/\\\/protectandcare.be\\\/fr\\\/\",\"name\":\"Protect and Care\",\"description\":\"Bescherm en verzorg uw naasten en uzelf: mondmaskers, beschermende handschoenen, isolatieschorten...\",\"publisher\":{\"@id\":\"https:\\\/\\\/protectandcare.be\\\/fr\\\/#organization\"},\"potentialAction\":[{\"@type\":\"SearchAction\",\"target\":{\"@type\":\"EntryPoint\",\"urlTemplate\":\"https:\\\/\\\/protectandcare.be\\\/fr\\\/?s={search_term_string}\"},\"query-input\":{\"@type\":\"PropertyValueSpecification\",\"valueRequired\":true,\"valueName\":\"search_term_string\"}}],\"inLanguage\":\"fr-BE\"},{\"@type\":\"Organization\",\"@id\":\"https:\\\/\\\/protectandcare.be\\\/fr\\\/#organization\",\"name\":\"Protect and Care\",\"url\":\"https:\\\/\\\/protectandcare.be\\\/fr\\\/\",\"logo\":{\"@type\":\"ImageObject\",\"inLanguage\":\"fr-BE\",\"@id\":\"https:\\\/\\\/protectandcare.be\\\/fr\\\/#\\\/schema\\\/logo\\\/image\\\/\",\"url\":\"https:\\\/\\\/protectandcare.be\\\/wp-content\\\/uploads\\\/logoo-footer.png\",\"contentUrl\":\"https:\\\/\\\/protectandcare.be\\\/wp-content\\\/uploads\\\/logoo-footer.png\",\"width\":946,\"height\":1011,\"caption\":\"Protect and Care\"},\"image\":{\"@id\":\"https:\\\/\\\/protectandcare.be\\\/fr\\\/#\\\/schema\\\/logo\\\/image\\\/\"}}]}<\/script>\n<!-- \/ Yoast SEO Premium plugin. -->","yoast_head_json":{"title":"Gant anti-coupure \u00e0 manchette LONGUEen acier inoxydableAvec sangles ou crochetsArt n\u00b0 A00507 &#8226; Protect and Care","robots":{"index":"index","follow":"follow","max-snippet":"max-snippet:-1","max-image-preview":"max-image-preview:large","max-video-preview":"max-video-preview:-1"},"canonical":"https:\/\/protectandcare.be\/fr\/product\/gant-anti-coupure-a-manchette-longueen-acier-inoxydableavec-sangles-ou-crochetsart-n-a00507\/","og_locale":"fr_FR","og_type":"article","og_title":"Gant anti-coupure \u00e0 manchette LONGUEen acier inoxydableAvec sangles ou crochetsArt n\u00b0 A00507","og_description":"Emball\u00e9 individuelle Carton: 28 pi\u00e8ces","og_url":"https:\/\/protectandcare.be\/fr\/product\/gant-anti-coupure-a-manchette-longueen-acier-inoxydableavec-sangles-ou-crochetsart-n-a00507\/","og_site_name":"Protect and Care","article_modified_time":"2025-10-16T09:07:07+00:00","og_image":[{"width":328,"height":431,"url":"https:\/\/protectandcare.be\/wp-content\/uploads\/A00507-pic-1.png","type":"image\/png"}],"twitter_card":"summary_large_image","twitter_misc":{"Dur\u00e9e de lecture est.":"1 minute"},"schema":{"@context":"https:\/\/schema.org","@graph":[{"@type":"WebPage","@id":"https:\/\/protectandcare.be\/fr\/product\/gant-anti-coupure-a-manchette-longueen-acier-inoxydableavec-sangles-ou-crochetsart-n-a00507\/","url":"https:\/\/protectandcare.be\/fr\/product\/gant-anti-coupure-a-manchette-longueen-acier-inoxydableavec-sangles-ou-crochetsart-n-a00507\/","name":"Gant anti-coupure \u00e0 manchette LONGUE en acier inoxydable Avec sangles ou crochets Art n\u00b0 A00507 &#8226; Protect and Care","isPartOf":{"@id":"https:\/\/protectandcare.be\/fr\/#website"},"primaryImageOfPage":{"@id":"https:\/\/protectandcare.be\/fr\/product\/gant-anti-coupure-a-manchette-longueen-acier-inoxydableavec-sangles-ou-crochetsart-n-a00507\/#primaryimage"},"image":{"@id":"https:\/\/protectandcare.be\/fr\/product\/gant-anti-coupure-a-manchette-longueen-acier-inoxydableavec-sangles-ou-crochetsart-n-a00507\/#primaryimage"},"thumbnailUrl":"https:\/\/protectandcare.be\/wp-content\/uploads\/A00507-pic-1.png","datePublished":"2025-08-20T12:55:12+00:00","dateModified":"2025-10-16T09:07:07+00:00","breadcrumb":{"@id":"https:\/\/protectandcare.be\/fr\/product\/gant-anti-coupure-a-manchette-longueen-acier-inoxydableavec-sangles-ou-crochetsart-n-a00507\/#breadcrumb"},"inLanguage":"fr-BE","potentialAction":[{"@type":"ReadAction","target":["https:\/\/protectandcare.be\/fr\/product\/gant-anti-coupure-a-manchette-longueen-acier-inoxydableavec-sangles-ou-crochetsart-n-a00507\/"]}]},{"@type":"ImageObject","inLanguage":"fr-BE","@id":"https:\/\/protectandcare.be\/fr\/product\/gant-anti-coupure-a-manchette-longueen-acier-inoxydableavec-sangles-ou-crochetsart-n-a00507\/#primaryimage","url":"https:\/\/protectandcare.be\/wp-content\/uploads\/A00507-pic-1.png","contentUrl":"https:\/\/protectandcare.be\/wp-content\/uploads\/A00507-pic-1.png","width":328,"height":431},{"@type":"BreadcrumbList","@id":"https:\/\/protectandcare.be\/fr\/product\/gant-anti-coupure-a-manchette-longueen-acier-inoxydableavec-sangles-ou-crochetsart-n-a00507\/#breadcrumb","itemListElement":[{"@type":"ListItem","position":1,"name":"Home","item":"https:\/\/protectandcare.be\/fr\/accueil\/"},{"@type":"ListItem","position":2,"name":"Produits","item":"https:\/\/protectandcare.be\/fr\/produits\/"},{"@type":"ListItem","position":3,"name":"Gant anti-coupure \u00e0 manchette LONGUEen acier inoxydableAvec sangles ou crochetsArt n\u00b0 A00507"}]},{"@type":"WebSite","@id":"https:\/\/protectandcare.be\/fr\/#website","url":"https:\/\/protectandcare.be\/fr\/","name":"Protect and Care","description":"Bescherm en verzorg uw naasten en uzelf: mondmaskers, beschermende handschoenen, isolatieschorten...","publisher":{"@id":"https:\/\/protectandcare.be\/fr\/#organization"},"potentialAction":[{"@type":"SearchAction","target":{"@type":"EntryPoint","urlTemplate":"https:\/\/protectandcare.be\/fr\/?s={search_term_string}"},"query-input":{"@type":"PropertyValueSpecification","valueRequired":true,"valueName":"search_term_string"}}],"inLanguage":"fr-BE"},{"@type":"Organization","@id":"https:\/\/protectandcare.be\/fr\/#organization","name":"Protect and Care","url":"https:\/\/protectandcare.be\/fr\/","logo":{"@type":"ImageObject","inLanguage":"fr-BE","@id":"https:\/\/protectandcare.be\/fr\/#\/schema\/logo\/image\/","url":"https:\/\/protectandcare.be\/wp-content\/uploads\/logoo-footer.png","contentUrl":"https:\/\/protectandcare.be\/wp-content\/uploads\/logoo-footer.png","width":946,"height":1011,"caption":"Protect and Care"},"image":{"@id":"https:\/\/protectandcare.be\/fr\/#\/schema\/logo\/image\/"}}]}},"_links":{"self":[{"href":"https:\/\/protectandcare.be\/fr\/wp-json\/wp\/v2\/product\/22803","targetHints":{"allow":["GET"]}}],"collection":[{"href":"https:\/\/protectandcare.be\/fr\/wp-json\/wp\/v2\/product"}],"about":[{"href":"https:\/\/protectandcare.be\/fr\/wp-json\/wp\/v2\/types\/product"}],"wp:featuredmedia":[{"embeddable":true,"href":"https:\/\/protectandcare.be\/fr\/wp-json\/wp\/v2\/media\/22642"}],"wp:attachment":[{"href":"https:\/\/protectandcare.be\/fr\/wp-json\/wp\/v2\/media?parent=22803"}],"wp:term":[{"taxonomy":"product_brand","embeddable":true,"href":"https:\/\/protectandcare.be\/fr\/wp-json\/wp\/v2\/product_brand?post=22803"},{"taxonomy":"product_cat","embeddable":true,"href":"https:\/\/protectandcare.be\/fr\/wp-json\/wp\/v2\/product_cat?post=22803"},{"taxonomy":"product_tag","embeddable":true,"href":"https:\/\/protectandcare.be\/fr\/wp-json\/wp\/v2\/product_tag?post=22803"}],"curies":[{"name":"wp","href":"https:\/\/api.w.org\/{rel}","templated":true}]}}