{"id":22894,"date":"2025-08-05T11:32:34","date_gmt":"2025-08-05T09:32:34","guid":{"rendered":"https:\/\/protectandcare.be\/product\/masque-facial-medical-3-couchestype-iir-a-liensjetableart-no-a00222\/"},"modified":"2025-10-16T11:58:48","modified_gmt":"2025-10-16T09:58:48","slug":"masque-facial-medical-3-couchestype-iir-a-liensjetableart-no-a00222","status":"publish","type":"product","link":"https:\/\/protectandcare.be\/fr\/product\/masque-facial-medical-3-couchestype-iir-a-liensjetableart-no-a00222\/","title":{"rendered":"Masque facial MEDICAL 3 couches<br>Type IIR, \u00e0 liens<br>Jetable<br>Art no\u00b0 A00222"},"content":{"rendered":"<p><strong>Bo\u00eete distributrice: 50 pcs<\/strong><br \/>\n<strong>Carton: 2500 pcs<\/strong><\/p>\n<h3>Sp\u00e9cifications:<\/h3>\n<ul>\n<li>Usage unique<\/li>\n<li>Type IIR \u2013 r\u00e9sistant aux projections et aux liquides<\/li>\n<li>Capacit\u00e9 de filtration \u00e9lev\u00e9e BFE \u2265 98%<\/li>\n<li>MATERIAAL:<br \/>\n&#8211; 3 couches non-tiss\u00e9<br \/>\n&#8211; 100% Polypropyl\u00e8ne<br \/>\n&#8211; Spunbond + Meltblown + Spunbond<br \/>\n&#8211; Obstruction minimale \u00e0 la respiration<br \/>\n&#8211; Hypoallerg\u00e9nique Sans fibre de verre<\/li>\n<li>MODEL:<br \/>\n&#8211; Fabrication par soudure \u00e0 ultrasons qui assure robustesse et r\u00e9sistance au masque, emp\u00eachant les fuites et d\u00e9chirures<br \/>\n&#8211; Equip\u00e9 de rubans non tiss\u00e9s<br \/>\n&#8211; Barrette nasale r\u00e9glable pour un ajustement parfait<\/li>\n<li><strong>Couleur<\/strong>: Bleu<\/li>\n<li><strong>Dur\u00e9e de conservation<\/strong>: 5 ans<\/li>\n<li>Conditionnement\n<ul>\n<li>pourvus de barcode et code QR<\/li>\n<li>Information en six langues<\/li>\n<\/ul>\n<\/li>\n<\/ul>\n<h3>Certifications:<\/h3>\n<p><img fetchpriority=\"high\" decoding=\"async\" class=\"size-full wp-image-21857 alignnone\" src=\"https:\/\/protectandcare.be\/wp-content\/uploads\/A00222.png\" alt=\"\" width=\"1031\" height=\"161\" srcset=\"https:\/\/protectandcare.be\/wp-content\/uploads\/A00222.png 1031w, https:\/\/protectandcare.be\/wp-content\/uploads\/A00222-300x47.png 300w, https:\/\/protectandcare.be\/wp-content\/uploads\/A00222-1024x160.png 1024w, https:\/\/protectandcare.be\/wp-content\/uploads\/A00222-768x120.png 768w, https:\/\/protectandcare.be\/wp-content\/uploads\/A00222-550x86.png 550w\" sizes=\"(max-width: 1031px) 100vw, 1031px\" \/><\/p>\n<p>Si vous voudriez plus d&rsquo;informations techniques, par exemple certificats, veuillez contacter Protect and Care par t\u00e9l\u00e9phone: 0032 9 321 32 32 ou par e-mail <a href=\"mailto:sales@protectandcare.be\">sales@protectandcare.be<\/a>.<\/p>\n","protected":false},"excerpt":{"rendered":"<p><strong>Bo\u00eete distributrice: 50 pcs<\/strong><br \/>\n<strong>Carton: 2500 pcs<\/strong><\/p>\n","protected":false},"featured_media":21870,"template":"","meta":[],"product_brand":[],"product_cat":[344,69],"product_tag":[441,1248,741,742,407,1241,1242,1240,885,1243],"class_list":{"0":"post-22894","1":"product","2":"type-product","3":"status-publish","4":"has-post-thumbnail","6":"product_cat-1-masques","7":"product_cat-10-masques-a-3-couches","8":"product_tag-3-couches","9":"product_tag-3-couches-fr-2","10":"product_tag-epi","11":"product_tag-jetables","12":"product_tag-masque-fr","13":"product_tag-masque-a-liens","14":"product_tag-masque-buccaux-a-liens","15":"product_tag-masque-chirurgicale","16":"product_tag-masque-facial-chirugical","17":"product_tag-masque-jetable","19":"first","20":"instock","21":"taxable","22":"shipping-taxable","23":"product-type-variable"},"yoast_head":"<!-- This site is optimized with the Yoast SEO Premium plugin v19.3 (Yoast SEO v27.4) - https:\/\/yoast.com\/product\/yoast-seo-premium-wordpress\/ -->\n<title>Masque facial MEDICAL 3 couchesType IIR, \u00e0 liensJetableArt no\u00b0 A00222 &#8226; Protect and Care<\/title>\n<meta name=\"robots\" content=\"index, follow, max-snippet:-1, max-image-preview:large, max-video-preview:-1\" \/>\n<link rel=\"canonical\" href=\"https:\/\/protectandcare.be\/fr\/product\/masque-facial-medical-3-couchestype-iir-a-liensjetableart-no-a00222\/\" \/>\n<meta property=\"og:locale\" content=\"fr_FR\" \/>\n<meta property=\"og:type\" content=\"article\" \/>\n<meta property=\"og:title\" content=\"Masque facial MEDICAL 3 couchesType IIR, \u00e0 liensJetableArt no\u00b0 A00222\" \/>\n<meta property=\"og:description\" content=\"Bo\u00eete distributrice: 50 pcs Carton: 2500 pcs\" \/>\n<meta property=\"og:url\" content=\"https:\/\/protectandcare.be\/fr\/product\/masque-facial-medical-3-couchestype-iir-a-liensjetableart-no-a00222\/\" \/>\n<meta property=\"og:site_name\" content=\"Protect and Care\" \/>\n<meta property=\"article:modified_time\" content=\"2025-10-16T09:58:48+00:00\" \/>\n<meta property=\"og:image\" content=\"https:\/\/protectandcare.be\/wp-content\/uploads\/A00222-pic-1.png\" \/>\n\t<meta property=\"og:image:width\" content=\"443\" \/>\n\t<meta property=\"og:image:height\" content=\"410\" \/>\n\t<meta property=\"og:image:type\" content=\"image\/png\" \/>\n<meta name=\"twitter:card\" content=\"summary_large_image\" \/>\n<meta name=\"twitter:label1\" content=\"Dur\u00e9e de lecture est.\" \/>\n\t<meta name=\"twitter:data1\" content=\"1 minute\" \/>\n<script type=\"application\/ld+json\" class=\"yoast-schema-graph\">{\"@context\":\"https:\\\/\\\/schema.org\",\"@graph\":[{\"@type\":\"WebPage\",\"@id\":\"https:\\\/\\\/protectandcare.be\\\/fr\\\/product\\\/masque-facial-medical-3-couchestype-iir-a-liensjetableart-no-a00222\\\/\",\"url\":\"https:\\\/\\\/protectandcare.be\\\/fr\\\/product\\\/masque-facial-medical-3-couchestype-iir-a-liensjetableart-no-a00222\\\/\",\"name\":\"Masque facial MEDICAL 3 couches Type IIR, \u00e0 liens Jetable Art no\u00b0 A00222 &#8226; Protect and Care\",\"isPartOf\":{\"@id\":\"https:\\\/\\\/protectandcare.be\\\/fr\\\/#website\"},\"primaryImageOfPage\":{\"@id\":\"https:\\\/\\\/protectandcare.be\\\/fr\\\/product\\\/masque-facial-medical-3-couchestype-iir-a-liensjetableart-no-a00222\\\/#primaryimage\"},\"image\":{\"@id\":\"https:\\\/\\\/protectandcare.be\\\/fr\\\/product\\\/masque-facial-medical-3-couchestype-iir-a-liensjetableart-no-a00222\\\/#primaryimage\"},\"thumbnailUrl\":\"https:\\\/\\\/protectandcare.be\\\/wp-content\\\/uploads\\\/A00222-pic-1.png\",\"datePublished\":\"2025-08-05T09:32:34+00:00\",\"dateModified\":\"2025-10-16T09:58:48+00:00\",\"breadcrumb\":{\"@id\":\"https:\\\/\\\/protectandcare.be\\\/fr\\\/product\\\/masque-facial-medical-3-couchestype-iir-a-liensjetableart-no-a00222\\\/#breadcrumb\"},\"inLanguage\":\"fr-BE\",\"potentialAction\":[{\"@type\":\"ReadAction\",\"target\":[\"https:\\\/\\\/protectandcare.be\\\/fr\\\/product\\\/masque-facial-medical-3-couchestype-iir-a-liensjetableart-no-a00222\\\/\"]}]},{\"@type\":\"ImageObject\",\"inLanguage\":\"fr-BE\",\"@id\":\"https:\\\/\\\/protectandcare.be\\\/fr\\\/product\\\/masque-facial-medical-3-couchestype-iir-a-liensjetableart-no-a00222\\\/#primaryimage\",\"url\":\"https:\\\/\\\/protectandcare.be\\\/wp-content\\\/uploads\\\/A00222-pic-1.png\",\"contentUrl\":\"https:\\\/\\\/protectandcare.be\\\/wp-content\\\/uploads\\\/A00222-pic-1.png\",\"width\":443,\"height\":410},{\"@type\":\"BreadcrumbList\",\"@id\":\"https:\\\/\\\/protectandcare.be\\\/fr\\\/product\\\/masque-facial-medical-3-couchestype-iir-a-liensjetableart-no-a00222\\\/#breadcrumb\",\"itemListElement\":[{\"@type\":\"ListItem\",\"position\":1,\"name\":\"Home\",\"item\":\"https:\\\/\\\/protectandcare.be\\\/fr\\\/accueil\\\/\"},{\"@type\":\"ListItem\",\"position\":2,\"name\":\"Produits\",\"item\":\"https:\\\/\\\/protectandcare.be\\\/fr\\\/produits\\\/\"},{\"@type\":\"ListItem\",\"position\":3,\"name\":\"Masque facial MEDICAL 3 couchesType IIR, \u00e0 liensJetableArt no\u00b0 A00222\"}]},{\"@type\":\"WebSite\",\"@id\":\"https:\\\/\\\/protectandcare.be\\\/fr\\\/#website\",\"url\":\"https:\\\/\\\/protectandcare.be\\\/fr\\\/\",\"name\":\"Protect and Care\",\"description\":\"Bescherm en verzorg uw naasten en uzelf: mondmaskers, beschermende handschoenen, isolatieschorten...\",\"publisher\":{\"@id\":\"https:\\\/\\\/protectandcare.be\\\/fr\\\/#organization\"},\"potentialAction\":[{\"@type\":\"SearchAction\",\"target\":{\"@type\":\"EntryPoint\",\"urlTemplate\":\"https:\\\/\\\/protectandcare.be\\\/fr\\\/?s={search_term_string}\"},\"query-input\":{\"@type\":\"PropertyValueSpecification\",\"valueRequired\":true,\"valueName\":\"search_term_string\"}}],\"inLanguage\":\"fr-BE\"},{\"@type\":\"Organization\",\"@id\":\"https:\\\/\\\/protectandcare.be\\\/fr\\\/#organization\",\"name\":\"Protect and Care\",\"url\":\"https:\\\/\\\/protectandcare.be\\\/fr\\\/\",\"logo\":{\"@type\":\"ImageObject\",\"inLanguage\":\"fr-BE\",\"@id\":\"https:\\\/\\\/protectandcare.be\\\/fr\\\/#\\\/schema\\\/logo\\\/image\\\/\",\"url\":\"https:\\\/\\\/protectandcare.be\\\/wp-content\\\/uploads\\\/logoo-footer.png\",\"contentUrl\":\"https:\\\/\\\/protectandcare.be\\\/wp-content\\\/uploads\\\/logoo-footer.png\",\"width\":946,\"height\":1011,\"caption\":\"Protect and Care\"},\"image\":{\"@id\":\"https:\\\/\\\/protectandcare.be\\\/fr\\\/#\\\/schema\\\/logo\\\/image\\\/\"}}]}<\/script>\n<!-- \/ Yoast SEO Premium plugin. -->","yoast_head_json":{"title":"Masque facial MEDICAL 3 couchesType IIR, \u00e0 liensJetableArt no\u00b0 A00222 &#8226; Protect and Care","robots":{"index":"index","follow":"follow","max-snippet":"max-snippet:-1","max-image-preview":"max-image-preview:large","max-video-preview":"max-video-preview:-1"},"canonical":"https:\/\/protectandcare.be\/fr\/product\/masque-facial-medical-3-couchestype-iir-a-liensjetableart-no-a00222\/","og_locale":"fr_FR","og_type":"article","og_title":"Masque facial MEDICAL 3 couchesType IIR, \u00e0 liensJetableArt no\u00b0 A00222","og_description":"Bo\u00eete distributrice: 50 pcs Carton: 2500 pcs","og_url":"https:\/\/protectandcare.be\/fr\/product\/masque-facial-medical-3-couchestype-iir-a-liensjetableart-no-a00222\/","og_site_name":"Protect and Care","article_modified_time":"2025-10-16T09:58:48+00:00","og_image":[{"width":443,"height":410,"url":"https:\/\/protectandcare.be\/wp-content\/uploads\/A00222-pic-1.png","type":"image\/png"}],"twitter_card":"summary_large_image","twitter_misc":{"Dur\u00e9e de lecture est.":"1 minute"},"schema":{"@context":"https:\/\/schema.org","@graph":[{"@type":"WebPage","@id":"https:\/\/protectandcare.be\/fr\/product\/masque-facial-medical-3-couchestype-iir-a-liensjetableart-no-a00222\/","url":"https:\/\/protectandcare.be\/fr\/product\/masque-facial-medical-3-couchestype-iir-a-liensjetableart-no-a00222\/","name":"Masque facial MEDICAL 3 couches Type IIR, \u00e0 liens Jetable Art no\u00b0 A00222 &#8226; Protect and Care","isPartOf":{"@id":"https:\/\/protectandcare.be\/fr\/#website"},"primaryImageOfPage":{"@id":"https:\/\/protectandcare.be\/fr\/product\/masque-facial-medical-3-couchestype-iir-a-liensjetableart-no-a00222\/#primaryimage"},"image":{"@id":"https:\/\/protectandcare.be\/fr\/product\/masque-facial-medical-3-couchestype-iir-a-liensjetableart-no-a00222\/#primaryimage"},"thumbnailUrl":"https:\/\/protectandcare.be\/wp-content\/uploads\/A00222-pic-1.png","datePublished":"2025-08-05T09:32:34+00:00","dateModified":"2025-10-16T09:58:48+00:00","breadcrumb":{"@id":"https:\/\/protectandcare.be\/fr\/product\/masque-facial-medical-3-couchestype-iir-a-liensjetableart-no-a00222\/#breadcrumb"},"inLanguage":"fr-BE","potentialAction":[{"@type":"ReadAction","target":["https:\/\/protectandcare.be\/fr\/product\/masque-facial-medical-3-couchestype-iir-a-liensjetableart-no-a00222\/"]}]},{"@type":"ImageObject","inLanguage":"fr-BE","@id":"https:\/\/protectandcare.be\/fr\/product\/masque-facial-medical-3-couchestype-iir-a-liensjetableart-no-a00222\/#primaryimage","url":"https:\/\/protectandcare.be\/wp-content\/uploads\/A00222-pic-1.png","contentUrl":"https:\/\/protectandcare.be\/wp-content\/uploads\/A00222-pic-1.png","width":443,"height":410},{"@type":"BreadcrumbList","@id":"https:\/\/protectandcare.be\/fr\/product\/masque-facial-medical-3-couchestype-iir-a-liensjetableart-no-a00222\/#breadcrumb","itemListElement":[{"@type":"ListItem","position":1,"name":"Home","item":"https:\/\/protectandcare.be\/fr\/accueil\/"},{"@type":"ListItem","position":2,"name":"Produits","item":"https:\/\/protectandcare.be\/fr\/produits\/"},{"@type":"ListItem","position":3,"name":"Masque facial MEDICAL 3 couchesType IIR, \u00e0 liensJetableArt no\u00b0 A00222"}]},{"@type":"WebSite","@id":"https:\/\/protectandcare.be\/fr\/#website","url":"https:\/\/protectandcare.be\/fr\/","name":"Protect and Care","description":"Bescherm en verzorg uw naasten en uzelf: mondmaskers, beschermende handschoenen, isolatieschorten...","publisher":{"@id":"https:\/\/protectandcare.be\/fr\/#organization"},"potentialAction":[{"@type":"SearchAction","target":{"@type":"EntryPoint","urlTemplate":"https:\/\/protectandcare.be\/fr\/?s={search_term_string}"},"query-input":{"@type":"PropertyValueSpecification","valueRequired":true,"valueName":"search_term_string"}}],"inLanguage":"fr-BE"},{"@type":"Organization","@id":"https:\/\/protectandcare.be\/fr\/#organization","name":"Protect and Care","url":"https:\/\/protectandcare.be\/fr\/","logo":{"@type":"ImageObject","inLanguage":"fr-BE","@id":"https:\/\/protectandcare.be\/fr\/#\/schema\/logo\/image\/","url":"https:\/\/protectandcare.be\/wp-content\/uploads\/logoo-footer.png","contentUrl":"https:\/\/protectandcare.be\/wp-content\/uploads\/logoo-footer.png","width":946,"height":1011,"caption":"Protect and Care"},"image":{"@id":"https:\/\/protectandcare.be\/fr\/#\/schema\/logo\/image\/"}}]}},"_links":{"self":[{"href":"https:\/\/protectandcare.be\/fr\/wp-json\/wp\/v2\/product\/22894","targetHints":{"allow":["GET"]}}],"collection":[{"href":"https:\/\/protectandcare.be\/fr\/wp-json\/wp\/v2\/product"}],"about":[{"href":"https:\/\/protectandcare.be\/fr\/wp-json\/wp\/v2\/types\/product"}],"wp:featuredmedia":[{"embeddable":true,"href":"https:\/\/protectandcare.be\/fr\/wp-json\/wp\/v2\/media\/21870"}],"wp:attachment":[{"href":"https:\/\/protectandcare.be\/fr\/wp-json\/wp\/v2\/media?parent=22894"}],"wp:term":[{"taxonomy":"product_brand","embeddable":true,"href":"https:\/\/protectandcare.be\/fr\/wp-json\/wp\/v2\/product_brand?post=22894"},{"taxonomy":"product_cat","embeddable":true,"href":"https:\/\/protectandcare.be\/fr\/wp-json\/wp\/v2\/product_cat?post=22894"},{"taxonomy":"product_tag","embeddable":true,"href":"https:\/\/protectandcare.be\/fr\/wp-json\/wp\/v2\/product_tag?post=22894"}],"curies":[{"name":"wp","href":"https:\/\/api.w.org\/{rel}","templated":true}]}}