{"id":23069,"date":"2025-03-13T17:01:47","date_gmt":"2025-03-13T16:01:47","guid":{"rendered":"https:\/\/protectandcare.be\/product\/gants-tricotes-anti-coupureniveau-5-contact-alimentaireart-no-a00524\/"},"modified":"2025-10-16T13:28:59","modified_gmt":"2025-10-16T11:28:59","slug":"gants-tricotes-anti-coupureniveau-5-contact-alimentaireart-no-a00524","status":"publish","type":"product","link":"https:\/\/protectandcare.be\/fr\/product\/gants-tricotes-anti-coupureniveau-5-contact-alimentaireart-no-a00524\/","title":{"rendered":"Gants tricot\u00e9s anti-coupure<br>Niveau 5 Contact alimentaire<br>Art no\u00b0 A00524"},"content":{"rendered":"<p><strong>Polybag: 10 paires<\/strong><br \/>\n<strong>Carton: 935 paires<\/strong><\/p>\n<p><strong>Model<\/strong>: Safecut<br \/>\nR\u00e9utilisable<br \/>\nExcellente protection anti-coupure, id\u00e9ale pour la transformation de viande en cuisines professionnelles.<\/p>\n<h3>Sp\u00e9cifications:<\/h3>\n<ul>\n<li>Tr\u00e8s bonne r\u00e9sistance \u00e0 la coupure (classe 5)<\/li>\n<li>Convient au contact alimentaire<\/li>\n<li>L\u00e9ger et tr\u00e8s flexible<\/li>\n<li>Excellente dext\u00e9rit\u00e9, id\u00e9al pour l\u2019utilisation avec des couteaux<\/li>\n<li>Tr\u00e8s r\u00e9sistant \u00e0 l\u2019usure, durable et lavable<\/li>\n<li>MAT\u00c9RIAU:<br \/>\nTaycore, poly\u00e9thyl\u00e8ne et polyamide<br \/>\n&#8211; Lavable jusqu\u2019\u00e0 60 \u00b0C (max. 15 lavages)<\/li>\n<li>MOD\u00c8LE:<br \/>\n&#8211; Tricot\u00e9 sans couture<br \/>\n&#8211; Ambidextre (convient aux deux mains)<br \/>\n&#8211; Poignet tricot\u00e9 \u00e9lastique avec manchette rallong\u00e9e pour plus de s\u00e9curit\u00e9<\/li>\n<li>Tailles: S, M, L, XL, XXL<\/li>\n<li>Couleur: Bleu pour une meilleure visibilit\u00e9 dans la production alimentaire<\/li>\n<li>Informations en anglais<\/li>\n<li>Protection contre les risques M\u00c9CANIQUES: EN ISO 388: 2016+A1:2018 (3 5 4 2 C)<\/li>\n<\/ul>\n<p><img fetchpriority=\"high\" decoding=\"async\" class=\"alignleft size-full wp-image-20411\" src=\"https:\/\/protectandcare.be\/wp-content\/uploads\/A00524-2.png\" alt=\"\" width=\"402\" height=\"132\" srcset=\"https:\/\/protectandcare.be\/wp-content\/uploads\/A00524-2.png 402w, https:\/\/protectandcare.be\/wp-content\/uploads\/A00524-2-300x99.png 300w, https:\/\/protectandcare.be\/wp-content\/uploads\/A00524-2-400x132.png 400w\" sizes=\"(max-width: 402px) 100vw, 402px\" \/><\/p>\n<h3>Certifications:<\/h3>\n<p><img decoding=\"async\" class=\"size-full wp-image-20408 alignnone\" src=\"https:\/\/protectandcare.be\/wp-content\/uploads\/A00524-1.png\" alt=\"\" width=\"831\" height=\"169\" srcset=\"https:\/\/protectandcare.be\/wp-content\/uploads\/A00524-1.png 831w, https:\/\/protectandcare.be\/wp-content\/uploads\/A00524-1-300x61.png 300w, https:\/\/protectandcare.be\/wp-content\/uploads\/A00524-1-768x156.png 768w, https:\/\/protectandcare.be\/wp-content\/uploads\/A00524-1-550x112.png 550w\" sizes=\"(max-width: 831px) 100vw, 831px\" \/><\/p>\n<p>Si vous voudriez plus d&rsquo;informations techniques, par exemple certificats, veuillez contacter Protect and Care par t\u00e9l\u00e9phone: 0032 9 321 32 32 ou par e-mail <a href=\"mailto:sales@protectandcare.be\">sales@protectandcare.be<\/a>.<\/p>\n","protected":false},"excerpt":{"rendered":"<p><strong>Polybag: 10 paires<\/strong><br \/>\n<strong>Carton: 935 paires<\/strong><\/p>\n","protected":false},"featured_media":20419,"template":"","meta":[],"product_brand":[],"product_cat":[346,1317],"product_tag":[1221,1318],"class_list":{"0":"post-23069","1":"product","2":"type-product","3":"status-publish","4":"has-post-thumbnail","6":"product_cat-2-gants-jetables","7":"product_cat-gants-tricotes","8":"product_tag-gant-anti-coupure","9":"product_tag-gant-tricote","11":"first","12":"instock","13":"taxable","14":"shipping-taxable","15":"product-type-variable"},"yoast_head":"<!-- This site is optimized with the Yoast SEO Premium plugin v19.3 (Yoast SEO v27.5) - https:\/\/yoast.com\/product\/yoast-seo-premium-wordpress\/ -->\n<title>Gants tricot\u00e9s anti-coupureNiveau 5 Contact alimentaireArt no\u00b0 A00524 &#8226; Protect and Care<\/title>\n<meta name=\"robots\" content=\"index, follow, max-snippet:-1, max-image-preview:large, max-video-preview:-1\" \/>\n<link rel=\"canonical\" href=\"https:\/\/protectandcare.be\/fr\/product\/gants-tricotes-anti-coupureniveau-5-contact-alimentaireart-no-a00524\/\" \/>\n<meta property=\"og:locale\" content=\"fr_FR\" \/>\n<meta property=\"og:type\" content=\"article\" \/>\n<meta property=\"og:title\" content=\"Gants tricot\u00e9s anti-coupureNiveau 5 Contact alimentaireArt no\u00b0 A00524\" \/>\n<meta property=\"og:description\" content=\"Polybag: 10 paires Carton: 935 paires\" \/>\n<meta property=\"og:url\" content=\"https:\/\/protectandcare.be\/fr\/product\/gants-tricotes-anti-coupureniveau-5-contact-alimentaireart-no-a00524\/\" \/>\n<meta property=\"og:site_name\" content=\"Protect and Care\" \/>\n<meta property=\"article:modified_time\" content=\"2025-10-16T11:28:59+00:00\" \/>\n<meta property=\"og:image\" content=\"https:\/\/protectandcare.be\/wp-content\/uploads\/A00524-pic-2.png\" \/>\n\t<meta property=\"og:image:width\" content=\"342\" \/>\n\t<meta property=\"og:image:height\" content=\"283\" \/>\n\t<meta property=\"og:image:type\" content=\"image\/png\" \/>\n<meta name=\"twitter:card\" content=\"summary_large_image\" \/>\n<meta name=\"twitter:label1\" content=\"Dur\u00e9e de lecture est.\" \/>\n\t<meta name=\"twitter:data1\" content=\"1 minute\" \/>\n<script type=\"application\/ld+json\" class=\"yoast-schema-graph\">{\"@context\":\"https:\\\/\\\/schema.org\",\"@graph\":[{\"@type\":\"WebPage\",\"@id\":\"https:\\\/\\\/protectandcare.be\\\/fr\\\/product\\\/gants-tricotes-anti-coupureniveau-5-contact-alimentaireart-no-a00524\\\/\",\"url\":\"https:\\\/\\\/protectandcare.be\\\/fr\\\/product\\\/gants-tricotes-anti-coupureniveau-5-contact-alimentaireart-no-a00524\\\/\",\"name\":\"Gants tricot\u00e9s anti-coupure Niveau 5 Contact alimentaire Art no\u00b0 A00524 &#8226; Protect and Care\",\"isPartOf\":{\"@id\":\"https:\\\/\\\/protectandcare.be\\\/fr\\\/#website\"},\"primaryImageOfPage\":{\"@id\":\"https:\\\/\\\/protectandcare.be\\\/fr\\\/product\\\/gants-tricotes-anti-coupureniveau-5-contact-alimentaireart-no-a00524\\\/#primaryimage\"},\"image\":{\"@id\":\"https:\\\/\\\/protectandcare.be\\\/fr\\\/product\\\/gants-tricotes-anti-coupureniveau-5-contact-alimentaireart-no-a00524\\\/#primaryimage\"},\"thumbnailUrl\":\"https:\\\/\\\/protectandcare.be\\\/wp-content\\\/uploads\\\/A00524-pic-2.png\",\"datePublished\":\"2025-03-13T16:01:47+00:00\",\"dateModified\":\"2025-10-16T11:28:59+00:00\",\"breadcrumb\":{\"@id\":\"https:\\\/\\\/protectandcare.be\\\/fr\\\/product\\\/gants-tricotes-anti-coupureniveau-5-contact-alimentaireart-no-a00524\\\/#breadcrumb\"},\"inLanguage\":\"fr-BE\",\"potentialAction\":[{\"@type\":\"ReadAction\",\"target\":[\"https:\\\/\\\/protectandcare.be\\\/fr\\\/product\\\/gants-tricotes-anti-coupureniveau-5-contact-alimentaireart-no-a00524\\\/\"]}]},{\"@type\":\"ImageObject\",\"inLanguage\":\"fr-BE\",\"@id\":\"https:\\\/\\\/protectandcare.be\\\/fr\\\/product\\\/gants-tricotes-anti-coupureniveau-5-contact-alimentaireart-no-a00524\\\/#primaryimage\",\"url\":\"https:\\\/\\\/protectandcare.be\\\/wp-content\\\/uploads\\\/A00524-pic-2.png\",\"contentUrl\":\"https:\\\/\\\/protectandcare.be\\\/wp-content\\\/uploads\\\/A00524-pic-2.png\",\"width\":342,\"height\":283},{\"@type\":\"BreadcrumbList\",\"@id\":\"https:\\\/\\\/protectandcare.be\\\/fr\\\/product\\\/gants-tricotes-anti-coupureniveau-5-contact-alimentaireart-no-a00524\\\/#breadcrumb\",\"itemListElement\":[{\"@type\":\"ListItem\",\"position\":1,\"name\":\"Home\",\"item\":\"https:\\\/\\\/protectandcare.be\\\/fr\\\/accueil\\\/\"},{\"@type\":\"ListItem\",\"position\":2,\"name\":\"Produits\",\"item\":\"https:\\\/\\\/protectandcare.be\\\/fr\\\/produits\\\/\"},{\"@type\":\"ListItem\",\"position\":3,\"name\":\"Gants tricot\u00e9s anti-coupureNiveau 5 Contact alimentaireArt no\u00b0 A00524\"}]},{\"@type\":\"WebSite\",\"@id\":\"https:\\\/\\\/protectandcare.be\\\/fr\\\/#website\",\"url\":\"https:\\\/\\\/protectandcare.be\\\/fr\\\/\",\"name\":\"Protect and Care\",\"description\":\"Bescherm en verzorg uw naasten en uzelf: mondmaskers, beschermende handschoenen, isolatieschorten...\",\"publisher\":{\"@id\":\"https:\\\/\\\/protectandcare.be\\\/fr\\\/#organization\"},\"potentialAction\":[{\"@type\":\"SearchAction\",\"target\":{\"@type\":\"EntryPoint\",\"urlTemplate\":\"https:\\\/\\\/protectandcare.be\\\/fr\\\/?s={search_term_string}\"},\"query-input\":{\"@type\":\"PropertyValueSpecification\",\"valueRequired\":true,\"valueName\":\"search_term_string\"}}],\"inLanguage\":\"fr-BE\"},{\"@type\":\"Organization\",\"@id\":\"https:\\\/\\\/protectandcare.be\\\/fr\\\/#organization\",\"name\":\"Protect and Care\",\"url\":\"https:\\\/\\\/protectandcare.be\\\/fr\\\/\",\"logo\":{\"@type\":\"ImageObject\",\"inLanguage\":\"fr-BE\",\"@id\":\"https:\\\/\\\/protectandcare.be\\\/fr\\\/#\\\/schema\\\/logo\\\/image\\\/\",\"url\":\"https:\\\/\\\/protectandcare.be\\\/wp-content\\\/uploads\\\/logoo-footer.png\",\"contentUrl\":\"https:\\\/\\\/protectandcare.be\\\/wp-content\\\/uploads\\\/logoo-footer.png\",\"width\":946,\"height\":1011,\"caption\":\"Protect and Care\"},\"image\":{\"@id\":\"https:\\\/\\\/protectandcare.be\\\/fr\\\/#\\\/schema\\\/logo\\\/image\\\/\"}}]}<\/script>\n<!-- \/ Yoast SEO Premium plugin. -->","yoast_head_json":{"title":"Gants tricot\u00e9s anti-coupureNiveau 5 Contact alimentaireArt no\u00b0 A00524 &#8226; Protect and Care","robots":{"index":"index","follow":"follow","max-snippet":"max-snippet:-1","max-image-preview":"max-image-preview:large","max-video-preview":"max-video-preview:-1"},"canonical":"https:\/\/protectandcare.be\/fr\/product\/gants-tricotes-anti-coupureniveau-5-contact-alimentaireart-no-a00524\/","og_locale":"fr_FR","og_type":"article","og_title":"Gants tricot\u00e9s anti-coupureNiveau 5 Contact alimentaireArt no\u00b0 A00524","og_description":"Polybag: 10 paires Carton: 935 paires","og_url":"https:\/\/protectandcare.be\/fr\/product\/gants-tricotes-anti-coupureniveau-5-contact-alimentaireart-no-a00524\/","og_site_name":"Protect and Care","article_modified_time":"2025-10-16T11:28:59+00:00","og_image":[{"width":342,"height":283,"url":"https:\/\/protectandcare.be\/wp-content\/uploads\/A00524-pic-2.png","type":"image\/png"}],"twitter_card":"summary_large_image","twitter_misc":{"Dur\u00e9e de lecture est.":"1 minute"},"schema":{"@context":"https:\/\/schema.org","@graph":[{"@type":"WebPage","@id":"https:\/\/protectandcare.be\/fr\/product\/gants-tricotes-anti-coupureniveau-5-contact-alimentaireart-no-a00524\/","url":"https:\/\/protectandcare.be\/fr\/product\/gants-tricotes-anti-coupureniveau-5-contact-alimentaireart-no-a00524\/","name":"Gants tricot\u00e9s anti-coupure Niveau 5 Contact alimentaire Art no\u00b0 A00524 &#8226; Protect and Care","isPartOf":{"@id":"https:\/\/protectandcare.be\/fr\/#website"},"primaryImageOfPage":{"@id":"https:\/\/protectandcare.be\/fr\/product\/gants-tricotes-anti-coupureniveau-5-contact-alimentaireart-no-a00524\/#primaryimage"},"image":{"@id":"https:\/\/protectandcare.be\/fr\/product\/gants-tricotes-anti-coupureniveau-5-contact-alimentaireart-no-a00524\/#primaryimage"},"thumbnailUrl":"https:\/\/protectandcare.be\/wp-content\/uploads\/A00524-pic-2.png","datePublished":"2025-03-13T16:01:47+00:00","dateModified":"2025-10-16T11:28:59+00:00","breadcrumb":{"@id":"https:\/\/protectandcare.be\/fr\/product\/gants-tricotes-anti-coupureniveau-5-contact-alimentaireart-no-a00524\/#breadcrumb"},"inLanguage":"fr-BE","potentialAction":[{"@type":"ReadAction","target":["https:\/\/protectandcare.be\/fr\/product\/gants-tricotes-anti-coupureniveau-5-contact-alimentaireart-no-a00524\/"]}]},{"@type":"ImageObject","inLanguage":"fr-BE","@id":"https:\/\/protectandcare.be\/fr\/product\/gants-tricotes-anti-coupureniveau-5-contact-alimentaireart-no-a00524\/#primaryimage","url":"https:\/\/protectandcare.be\/wp-content\/uploads\/A00524-pic-2.png","contentUrl":"https:\/\/protectandcare.be\/wp-content\/uploads\/A00524-pic-2.png","width":342,"height":283},{"@type":"BreadcrumbList","@id":"https:\/\/protectandcare.be\/fr\/product\/gants-tricotes-anti-coupureniveau-5-contact-alimentaireart-no-a00524\/#breadcrumb","itemListElement":[{"@type":"ListItem","position":1,"name":"Home","item":"https:\/\/protectandcare.be\/fr\/accueil\/"},{"@type":"ListItem","position":2,"name":"Produits","item":"https:\/\/protectandcare.be\/fr\/produits\/"},{"@type":"ListItem","position":3,"name":"Gants tricot\u00e9s anti-coupureNiveau 5 Contact alimentaireArt no\u00b0 A00524"}]},{"@type":"WebSite","@id":"https:\/\/protectandcare.be\/fr\/#website","url":"https:\/\/protectandcare.be\/fr\/","name":"Protect and Care","description":"Bescherm en verzorg uw naasten en uzelf: mondmaskers, beschermende handschoenen, isolatieschorten...","publisher":{"@id":"https:\/\/protectandcare.be\/fr\/#organization"},"potentialAction":[{"@type":"SearchAction","target":{"@type":"EntryPoint","urlTemplate":"https:\/\/protectandcare.be\/fr\/?s={search_term_string}"},"query-input":{"@type":"PropertyValueSpecification","valueRequired":true,"valueName":"search_term_string"}}],"inLanguage":"fr-BE"},{"@type":"Organization","@id":"https:\/\/protectandcare.be\/fr\/#organization","name":"Protect and Care","url":"https:\/\/protectandcare.be\/fr\/","logo":{"@type":"ImageObject","inLanguage":"fr-BE","@id":"https:\/\/protectandcare.be\/fr\/#\/schema\/logo\/image\/","url":"https:\/\/protectandcare.be\/wp-content\/uploads\/logoo-footer.png","contentUrl":"https:\/\/protectandcare.be\/wp-content\/uploads\/logoo-footer.png","width":946,"height":1011,"caption":"Protect and Care"},"image":{"@id":"https:\/\/protectandcare.be\/fr\/#\/schema\/logo\/image\/"}}]}},"_links":{"self":[{"href":"https:\/\/protectandcare.be\/fr\/wp-json\/wp\/v2\/product\/23069","targetHints":{"allow":["GET"]}}],"collection":[{"href":"https:\/\/protectandcare.be\/fr\/wp-json\/wp\/v2\/product"}],"about":[{"href":"https:\/\/protectandcare.be\/fr\/wp-json\/wp\/v2\/types\/product"}],"wp:featuredmedia":[{"embeddable":true,"href":"https:\/\/protectandcare.be\/fr\/wp-json\/wp\/v2\/media\/20419"}],"wp:attachment":[{"href":"https:\/\/protectandcare.be\/fr\/wp-json\/wp\/v2\/media?parent=23069"}],"wp:term":[{"taxonomy":"product_brand","embeddable":true,"href":"https:\/\/protectandcare.be\/fr\/wp-json\/wp\/v2\/product_brand?post=23069"},{"taxonomy":"product_cat","embeddable":true,"href":"https:\/\/protectandcare.be\/fr\/wp-json\/wp\/v2\/product_cat?post=23069"},{"taxonomy":"product_tag","embeddable":true,"href":"https:\/\/protectandcare.be\/fr\/wp-json\/wp\/v2\/product_tag?post=23069"}],"curies":[{"name":"wp","href":"https:\/\/api.w.org\/{rel}","templated":true}]}}